{"id":962,"date":"2021-01-03T13:07:39","date_gmt":"2021-01-03T12:07:39","guid":{"rendered":"https:\/\/serviteur.fr\/museum\/?page_id=962"},"modified":"2021-01-10T17:30:55","modified_gmt":"2021-01-10T16:30:55","slug":"plus-de-details","status":"publish","type":"page","link":"https:\/\/serviteur.fr\/museum\/plus-de-details\/","title":{"rendered":"Plus de d\u00e9tails sur les visiteurs du mus\u00e9e"},"content":{"rendered":"\n<h1><span class=\"ez-toc-section\" id=\"Profil_des_visiteurs\"><\/span>Profil des visiteurs<span class=\"ez-toc-section-end\"><\/span><\/h1>\n\n\n\n<ul><li>Sexe\u202f: 82,2\u202f% de <strong>femmes<\/strong> (17,8\u202f% d\u2019hommes)<\/li><li>\u00c2ge\u202f: plus de 60\u202f% des interrog\u00e9s ont<strong> entre 36 et 55 ans<\/strong>, un peu moins de 25\u202f% ont entre 18 et 35 ans<\/li><li>Lieu de r\u00e9sidence\u202f: pr\u00e8s de 60\u202f% des enqu\u00eat\u00e9s vivent \u00e0 <strong>Toulouse ou Toulouse M\u00e9tropole<\/strong>, seuls 13\u202f% des interrog\u00e9s ne vivent pas en Occitanie<\/li><li>Cat\u00e9gories socio\u00adprofessionnelles\u202f:<strong> 65\u202f% sont salari\u00e9s<\/strong>, 18\u202f% sont retrait\u00e9s et 8\u202f% sont \u00e9tudiants<\/li><li>Centres d\u2019int\u00e9r\u00eats\u202f: 80\u202f% le<strong> voyage<\/strong>, 78\u202f% l\u2019<strong>Histoire<\/strong><\/li><\/ul>\n\n\n\n<h1><span class=\"ez-toc-section\" id=\"Leur_usage_du_numerique\"><\/span>Leur usage du num\u00e9rique<span class=\"ez-toc-section-end\"><\/span><\/h1>\n\n\n\n<ul><li>Tous prennent leurs t\u00e9l\u00e9phones lorsqu\u2019ils sortent de chez eux, presque tous poss\u00e8dent un appareil photo sur leurs t\u00e9l\u00e9phone, 85\u202f% poss\u00e8dent des applications, 94\u202f% ont Internet, 82\u202f% ont les r\u00e9seaux sociaux<\/li><li>60\u202f% utilisent les r\u00e9seaux sociaux plusieurs fois par jour<\/li><li>74\u202f% utilisent Facebook, 57\u202f% Instagram, 64\u202f% WhatsApp, seuls 26\u202f% utilisent Twitter<\/li><li>85\u202f% utilisent leurs t\u00e9l\u00e9phones pour tout (internet, photo, applications\u2026)<\/li><li>100\u202f% utilisent leurs ordinateurs, 96\u202f% leurs smartphones et 30\u202f% utilisent leurs tablettes<\/li><li>96\u202f% utilisent le num\u00e9rique plusieurs fois par jour<\/li><\/ul>\n\n\n\n<h1><span class=\"ez-toc-section\" id=\"Leurs_preferences_museales\"><\/span>Leurs pr\u00e9f\u00e9rences mus\u00e9ales<span class=\"ez-toc-section-end\"><\/span><\/h1>\n\n\n\n<ul><li><strong>80\u202f% pr\u00e9f\u00e8rent le texte, 40\u202f% l\u2019audio, 75\u202f% la vid\u00e9o et 66\u202f% l\u2019image<\/strong><\/li><li>60\u202f% savent utiliser les QR Codes<\/li><li>42\u202f% vont au mus\u00e9e moins de 10 fois par an, 47\u202f% y vont plus de 10 fois par an<\/li><li>61\u202f% disent ne pas y aller plus souvent par manque de temps et 17\u202f% par manque d\u2019int\u00e9r\u00eat<\/li><li>74\u202f% vont seuls au mus\u00e9e, 58\u202f% en couple, 58\u202f% avec des amis, 36\u202f% avec des enfants et 31\u202f% en famille<\/li><li>82\u202f% vont dans un mus\u00e9e parce qu\u2019ils en ont entendu parler, 71\u202f% pour se divertir, 78\u202f% pour apprendre quelque chose de nouveau, 58\u202f% pour d\u00e9couvrir le mus\u00e9e de leur r\u00e9gion<\/li><li><strong>60\u202f% souhaiteraient participer \u00e0 une exp\u00e9rience ludique au mus\u00e9e<\/strong>, 38\u202f% \u201cpeut-\u00eatre\u201d. Pour ceci 51\u202f% \u00e9voquent la chasse au tr\u00e9sor, 51\u202f% des activit\u00e9s li\u00e9es \u00e0 la photographie et 49\u202f% li\u00e9es \u00e0 l\u2019Art<\/li><li>87\u202f% souhaitent des informations contextuelles, 85\u202f% souhaitent des informations historiques, 57\u202f% des informations scientifiques et 2,5\u202f% des informations in\u00e9dites<\/li><li>Pour le livre d\u2019or 36\u202f% le souhaitent en version num\u00e9rique et papier, 37\u202f% en papier car ils le consid\u00e8rent comme \u201cl\u2019\u00e2me du mus\u00e9e\u201d<\/li><\/ul>\n\n\n\n<h1><span class=\"ez-toc-section\" id=\"A_propos_du_Musee_GeorgesLabit\"><\/span>\u00c0 propos du Mus\u00e9e Georges-Labit<span class=\"ez-toc-section-end\"><\/span><\/h1>\n\n\n\n<ul><li>36\u202f% connaissent le mus\u00e9e gr\u00e2ce au bouche \u00e0 oreille, 16\u202f% par Internet<\/li><li>73\u202f% sont d\u00e9j\u00e0 all\u00e9s au mus\u00e9e Georges Labit<\/li><li>32\u202f% y ont pass\u00e9 1 heure, 34\u202f% 2 heures, 16\u202f% plus de 2 heures<\/li><li><strong>80\u202f% y seraient rest\u00e9s plus longtemps s\u2019il y avait eu des ressources suppl\u00e9mentaires<\/strong><\/li><li><strong>80\u202f% seraient pr\u00eats \u00e0 utiliser des dispositifs num\u00e9riques <\/strong>et \u00e0 \u00eatre plac\u00e9 au centre de narrations immersives<\/li><li>62\u202f% des visiteurs sont familiers des arts asiatiques et \u00e9gyptiens avant de venir au mus\u00e9e<\/li><li>7\u202f% ont \u00e9t\u00e9 sp\u00e9cialement marqu\u00e9s par la momie<\/li><\/ul>\n\n\n\n<h1><span class=\"ez-toc-section\" id=\"A_propos_de_Georges_Labit\"><\/span>\u00c0 propos de Georges Labit<span class=\"ez-toc-section-end\"><\/span><\/h1>\n\n\n\n<ul><li><strong>80\u202f% aimeraient conna\u00eetre l\u2019histoire de Georges Labit<\/strong><\/li><li>29\u202f% la connaissent et 70\u202f% aimeraient en savoir plus (40\u202f% ne connaissent pas et le d\u00e9plorent, 28\u202f% d\u00e9clarent vouloir en savoir plus)<\/li><\/ul>\n\n\n\n<h1><span class=\"ez-toc-section\" id=\"Interets_de_la_visite,_points_forts_et_points_faibles\"><\/span>Int\u00e9r\u00eats de la visite, points forts et points faibles<span class=\"ez-toc-section-end\"><\/span><\/h1>\n\n\n\n<ul><li><strong>Points forts : le b\u00e2timent, le jardin, les collections asiatiques<\/strong><\/li><li><strong>Points faibles : manque d\u2019explications, manque d\u2019\u00e9clairage<\/strong><\/li><\/ul>\n","protected":false},"excerpt":{"rendered":"<p>Profil des visiteurs Sexe\u202f: 82,2\u202f% de femmes (17,8\u202f% d\u2019hommes) \u00c2ge\u202f: plus de 60\u202f% des interrog\u00e9s ont entre 36 et 55 ans, un peu moins de 25\u202f% ont entre 18 et 35 ans Lieu de r\u00e9sidence\u202f: pr\u00e8s de 60\u202f% des enqu\u00eat\u00e9s vivent \u00e0 Toulouse ou Toulouse M\u00e9tropole, seuls 13\u202f% des interrog\u00e9s ne vivent pas en Occitanie [&hellip;]<\/p>\n","protected":false},"author":6,"featured_media":0,"parent":0,"menu_order":0,"comment_status":"closed","ping_status":"closed","template":"","meta":[],"_links":{"self":[{"href":"https:\/\/serviteur.fr\/museum\/wp-json\/wp\/v2\/pages\/962"}],"collection":[{"href":"https:\/\/serviteur.fr\/museum\/wp-json\/wp\/v2\/pages"}],"about":[{"href":"https:\/\/serviteur.fr\/museum\/wp-json\/wp\/v2\/types\/page"}],"author":[{"embeddable":true,"href":"https:\/\/serviteur.fr\/museum\/wp-json\/wp\/v2\/users\/6"}],"replies":[{"embeddable":true,"href":"https:\/\/serviteur.fr\/museum\/wp-json\/wp\/v2\/comments?post=962"}],"version-history":[{"count":5,"href":"https:\/\/serviteur.fr\/museum\/wp-json\/wp\/v2\/pages\/962\/revisions"}],"predecessor-version":[{"id":1900,"href":"https:\/\/serviteur.fr\/museum\/wp-json\/wp\/v2\/pages\/962\/revisions\/1900"}],"wp:attachment":[{"href":"https:\/\/serviteur.fr\/museum\/wp-json\/wp\/v2\/media?parent=962"}],"curies":[{"name":"wp","href":"https:\/\/api.w.org\/{rel}","templated":true}]}}