{"id":812,"date":"2020-12-30T20:23:30","date_gmt":"2020-12-30T19:23:30","guid":{"rendered":"https:\/\/serviteur.fr\/museum\/?page_id=812"},"modified":"2021-01-10T18:58:13","modified_gmt":"2021-01-10T17:58:13","slug":"conception-du-projet","status":"publish","type":"page","link":"https:\/\/serviteur.fr\/museum\/conception-du-projet\/","title":{"rendered":"Conception du projet"},"content":{"rendered":"\n<ul class=\"has-luminous-vivid-amber-background-color has-background\"><li><a href=\"https:\/\/serviteur.fr\/museum\/projet\/\">D\u00e9finition du projet<\/a> <\/li><li><a href=\"https:\/\/serviteur.fr\/museum\/projet\/demarche-projet\/\">D\u00e9marche de gestion de projet<\/a><\/li><li><a href=\"https:\/\/serviteur.fr\/museum\/projet\/analyse-dun-dispositif\/\">Analyse d&rsquo;un dispositif<\/a><\/li><\/ul>\n\n\n\n<p>Une fois le travail d&rsquo;analyse du terrain r\u00e9alis\u00e9, nous pouvons plus pr\u00e9cis\u00e9ment concevoir le projet de m\u00e9diation num\u00e9rique, les m\u00e9thodes de travail et analyser la r\u00e9alisation concr\u00e8te d&rsquo;un autre dispositif de m\u00e9diation num\u00e9rique. <\/p>\n\n\n\n<p>Cet ensemble nous permet de pr\u00e9senter notre d\u00e9marche et nos m\u00e9thodes de travail (les processus d\u00e9cisionnels, la r\u00e9partition des t\u00e2ches&#8230;) et d\u00e9finir clairement les besoins et objectifs du mus\u00e9e Georges-Labit auxquels r\u00e9pond notre proposition de dispositif.<\/p>\n\n\n\n<style>\n#primary { width: 100%; }\n\n#secondary { display: none; }\n<\/style>\n","protected":false},"excerpt":{"rendered":"<p>D\u00e9finition du projet D\u00e9marche de gestion de projet Analyse d&rsquo;un dispositif Une fois le travail d&rsquo;analyse du terrain r\u00e9alis\u00e9, nous pouvons plus pr\u00e9cis\u00e9ment concevoir le projet de m\u00e9diation num\u00e9rique, les m\u00e9thodes de travail et analyser la r\u00e9alisation concr\u00e8te d&rsquo;un autre dispositif de m\u00e9diation num\u00e9rique. Cet ensemble nous permet de pr\u00e9senter notre d\u00e9marche et nos m\u00e9thodes [&hellip;]<\/p>\n","protected":false},"author":3,"featured_media":0,"parent":0,"menu_order":0,"comment_status":"closed","ping_status":"closed","template":"","meta":[],"_links":{"self":[{"href":"https:\/\/serviteur.fr\/museum\/wp-json\/wp\/v2\/pages\/812"}],"collection":[{"href":"https:\/\/serviteur.fr\/museum\/wp-json\/wp\/v2\/pages"}],"about":[{"href":"https:\/\/serviteur.fr\/museum\/wp-json\/wp\/v2\/types\/page"}],"author":[{"embeddable":true,"href":"https:\/\/serviteur.fr\/museum\/wp-json\/wp\/v2\/users\/3"}],"replies":[{"embeddable":true,"href":"https:\/\/serviteur.fr\/museum\/wp-json\/wp\/v2\/comments?post=812"}],"version-history":[{"count":12,"href":"https:\/\/serviteur.fr\/museum\/wp-json\/wp\/v2\/pages\/812\/revisions"}],"predecessor-version":[{"id":2281,"href":"https:\/\/serviteur.fr\/museum\/wp-json\/wp\/v2\/pages\/812\/revisions\/2281"}],"wp:attachment":[{"href":"https:\/\/serviteur.fr\/museum\/wp-json\/wp\/v2\/media?parent=812"}],"curies":[{"name":"wp","href":"https:\/\/api.w.org\/{rel}","templated":true}]}}