{"id":778,"date":"2020-12-30T13:01:29","date_gmt":"2020-12-30T12:01:29","guid":{"rendered":"https:\/\/serviteur.fr\/museum\/?page_id=778"},"modified":"2021-01-11T17:55:19","modified_gmt":"2021-01-11T16:55:19","slug":"lhimalaya-tibet-et-nepal","status":"publish","type":"page","link":"https:\/\/serviteur.fr\/museum\/propositions-de-mediation\/lhimalaya-tibet-et-nepal\/","title":{"rendered":"L&rsquo;Himalaya : Tibet et N\u00e9pal"},"content":{"rendered":"\n<div class=\"cadre-carte\">\n\t<img id=\"asie\" class=\"carte\" src=\"https:\/\/www.serviteur.fr\/carte\/carte-asie-tibet.jpg\">\n\t<img id=\"tibet\" class=\"carte carte_effet\" src=\"https:\/\/www.serviteur.fr\/carte\/carte-tibet.jpg\">\n\t<img id=\"ici-tibet\" class=\"ici\" src=\"https:\/\/www.serviteur.fr\/carte\/ici.png\">\n<\/div>\n\n\n\n<h1><span class=\"ez-toc-section\" id=\"Objectif\"><\/span>Objectif<span class=\"ez-toc-section-end\"><\/span><\/h1>\n\n\n\n<p>L\u2019objectif de ce module est d\u2019inviter le visiteur \u00e0 mieux observer les objets qui lui sont pr\u00e9sent\u00e9s et \u00e0 d\u00e9couvrir leur signification dans leur contexte culturel.<\/p>\n\n\n\n<p>\u00c0 travers un jeu interactif, le visiteur sera invit\u00e9 \u00e0 observer un ensemble de statuettes de la zone Tibet-N\u00e9pal et \u00e0 d\u00e9terminer &#8211; par un jeu d\u2019observation et de r\u00e9flexion &#8211; la statue correspondant aux descriptions qui lui seront fournies.<\/p>\n\n\n\n<h1><span class=\"ez-toc-section\" id=\"Thematiques\"><\/span>Th\u00e9matiques<span class=\"ez-toc-section-end\"><\/span><\/h1>\n\n\n\n<p>Ce module est centr\u00e9 sur les statuettes en provenance du Tibet et du N\u00e9pal et sur leurs significations religieuses et culturelles.<\/p>\n\n\n\n<h1><span class=\"ez-toc-section\" id=\"Materiel\"><\/span>Mat\u00e9riel<span class=\"ez-toc-section-end\"><\/span><\/h1>\n\n\n\n<p>L\u2019activit\u00e9 se d\u00e9roule sur une tablette fixe. L\u2019emplacement au sein de la collection n\u2019a pas d\u2019importance, elle pourra \u00eatre fix\u00e9e en d\u00e9but, au milieu ou en fin de la zone, en fonction de la place disponible. Un \u00e9quipement audio est \u00e0 pr\u00e9voir sous la forme de un ou deux casques audio pour entendre la voix des statuettes.<\/p>\n\n\n\n<h1><span class=\"ez-toc-section\" id=\"Mediation\"><\/span>M\u00e9diation<span class=\"ez-toc-section-end\"><\/span><\/h1>\n\n\n\n<ul><li>L\u2019ouverture, commune \u00e0 toutes les activit\u00e9s, d\u00e9bute par la recontextualisation g\u00e9ographique du visiteur : une carte interactive pr\u00e9cise la zone g\u00e9ographique concern\u00e9e par cette m\u00e9diation.<\/li><li>Vient ensuite un \u00e9cran pr\u00e9sentant l\u2019objectif de la m\u00e9diation qui pourra \u00eatre exprim\u00e9 par une simple phrase d\u2019accroche \u00e0 l&rsquo;instar de : <em>\u00ab\u202fIl y a ici de nombreuses statues. L\u2019une d\u2019elle repr\u00e9sente <strong>Guru Rinpoch\u00e9<\/strong><\/em>, <em>le \u00ab\u00a0pr\u00e9cieux ma\u00eetre\u00a0\u00bb, ou \u00ab\u00a0second bouddha\u00a0\u00bb, fondateur du premier monast\u00e8re du Tibet. Mais laquelle ? Interrogez les statues et elle vous le diront peut-\u00eatre.\u202f\u00bb<\/em><\/li><li>Un \u00e9cran pr\u00e9sentant alors six statuettes appara\u00eetra et le visit-acteur devra cliquer sur l&rsquo;une d&rsquo;elles :<\/li><\/ul>\n\n\n\n<figure class=\"wp-block-image size-large\"><img loading=\"lazy\" width=\"1024\" height=\"640\" src=\"https:\/\/serviteur.fr\/museum\/wp-content\/uploads\/2021\/01\/ecran1-1024x640.jpg\" alt=\"\" class=\"wp-image-1454\" srcset=\"https:\/\/serviteur.fr\/museum\/wp-content\/uploads\/2021\/01\/ecran1-1024x640.jpg 1024w, https:\/\/serviteur.fr\/museum\/wp-content\/uploads\/2021\/01\/ecran1-300x188.jpg 300w, https:\/\/serviteur.fr\/museum\/wp-content\/uploads\/2021\/01\/ecran1-768x480.jpg 768w, https:\/\/serviteur.fr\/museum\/wp-content\/uploads\/2021\/01\/ecran1-1536x960.jpg 1536w, https:\/\/serviteur.fr\/museum\/wp-content\/uploads\/2021\/01\/ecran1.jpg 2000w\" sizes=\"(max-width: 1024px) 100vw, 1024px\" \/><\/figure>\n\n\n\n<figure class=\"wp-block-image size-large\"><img loading=\"lazy\" width=\"1024\" height=\"640\" src=\"https:\/\/serviteur.fr\/museum\/wp-content\/uploads\/2021\/01\/ecran2-1-1024x640.jpg\" alt=\"\" class=\"wp-image-1660\" srcset=\"https:\/\/serviteur.fr\/museum\/wp-content\/uploads\/2021\/01\/ecran2-1-1024x640.jpg 1024w, https:\/\/serviteur.fr\/museum\/wp-content\/uploads\/2021\/01\/ecran2-1-300x188.jpg 300w, https:\/\/serviteur.fr\/museum\/wp-content\/uploads\/2021\/01\/ecran2-1-768x480.jpg 768w, https:\/\/serviteur.fr\/museum\/wp-content\/uploads\/2021\/01\/ecran2-1.jpg 1200w\" sizes=\"(max-width: 1024px) 100vw, 1024px\" \/><\/figure>\n\n\n\n<ul><li>Lorsque l\u2019on s\u00e9lectionnera une statuette, celle-ci pourra appara\u00eetre en plus grand et s\u2019adresser au visiteur \u00e0 l\u2019aide d\u2019une animation similaire \u00e0 celle r\u00e9alis\u00e9e pour George Labit en introduction de la visite. Elle se pr\u00e9sentera bri\u00e8vement et donnera un indice comme <em>\u00ab\u202fLa statue de <strong>Guru Rinpoch\u00e9<\/strong> ne tient pas d\u2019armes ; ses yeux sont ouverts ; elle ne se tient pas debout<\/em> (etc)<em>.\u202fPensez-vous que ce soit moi?<\/em> \u00bb<\/li><li>Dans un souci d\u2019accessibilit\u00e9, ce discours se pr\u00e9sentera \u00e9galement sous forme de texte.<\/li><li>Il y aura ensuite la possibilit\u00e9 de revenir \u00e0 l\u2019\u00e9cran pr\u00e9c\u00e9dent pour interroger une statue ou bien donner une r\u00e9ponse.<\/li><li>Si le visit-acteur choisit de r\u00e9pondre, la statuette pourra le f\u00e9liciter ou le corriger selon sa r\u00e9ponse et lui donner plus d\u2019informations sur elle.<\/li><li>Dans le cas o\u00f9 le visit-acteur n&rsquo;a pas identifi\u00e9 la bonne statuette, le visit-acteur reviendrait alors \u00e0 l\u2019\u00e9cran pr\u00e9c\u00e9dent et la statue qu&rsquo;il venait d\u2019identifier appara\u00eetra gris\u00e9e.<\/li><li>La m\u00e9diation se termine lorsque la bonne statuette est identifi\u00e9e.<\/li><li>Les statuettes n\u2019ayant pas eu l\u2019occasion de se pr\u00e9senter plus en d\u00e9tails d\u00e9fileront sur l\u2019\u00e9cran pour ce faire.<\/li><\/ul>\n\n\n\n<h1><span class=\"ez-toc-section\" id=\"Interactivite\"><\/span>Interactivit\u00e9<span class=\"ez-toc-section-end\"><\/span><\/h1>\n\n\n\n<p>Le visit-acteur est libre d\u2019utiliser les diff\u00e9rents modules \u00e0 sa convenance, sans contraintes. Ne faisant pas exception \u00e0 la r\u00e8gle, cette activit\u00e9 est tr\u00e8s libre dans son utilisation. Il est possible de choisir l\u2019ordre dans lequel sont interrog\u00e9es les statuettes et tester toutes les r\u00e9ponses possibles. Les informations p\u00e9dagogiques que fournissent les statuettes se lancent automatiquement mais peuvent \u00eatre interrompues en revenant \u00e0 l\u2019\u00e9cran principal.<\/p>\n\n\n\n<h1><span class=\"ez-toc-section\" id=\"Coconstruction_avec_les_commanditaires\"><\/span>Co-construction avec les commanditaires<span class=\"ez-toc-section-end\"><\/span><\/h1>\n\n\n\n<p>Ce travail est un prototypage, il est bien entendu pr\u00e9vu une discussion avec le personnel du Mus\u00e9e. TOUT est modifiable et adaptable, c&rsquo;est un travail collaboratif modulable. L\u2019aspect prototypage est important dans les it\u00e9rations successives car il ancre la conceptualisation dans une r\u00e9alit\u00e9 tangible : ses difficult\u00e9s, ses d\u00e9fis, ses d\u00e9tails. Il permet une visualisation, un dialogue et une avanc\u00e9e plus rapide du projet, en d\u00e9sactivant particuli\u00e8rement les zones de flou d\u2019interpr\u00e9tation ou les limites des propositions difficilement r\u00e9alisables techniquement.<\/p>\n\n\n\n<h1><span class=\"ez-toc-section\" id=\"Sources_d%E2%80%99illustration\"><\/span>Sources d\u2019illustration<span class=\"ez-toc-section-end\"><\/span><\/h1>\n\n\n\n<ul id=\"block-9b33cc70-7c1a-48d4-925d-e2352bc02e8a\"><li>Les photographies de statuettes sont issues du site du Mus\u00e9e Georges-Labit<\/li><li>Le fond d\u2019\u00e9cran est une image libre de droit sans attribution d\u2019auteur<\/li><\/ul>\n","protected":false},"excerpt":{"rendered":"<p>Objectif L\u2019objectif de ce module est d\u2019inviter le visiteur \u00e0 mieux observer les objets qui lui sont pr\u00e9sent\u00e9s et \u00e0 d\u00e9couvrir leur signification dans leur contexte culturel. \u00c0 travers un jeu interactif, le visiteur sera invit\u00e9 \u00e0 observer un ensemble de statuettes de la zone Tibet-N\u00e9pal et \u00e0 d\u00e9terminer &#8211; par un jeu d\u2019observation et [&hellip;]<\/p>\n","protected":false},"author":1,"featured_media":0,"parent":79,"menu_order":0,"comment_status":"closed","ping_status":"closed","template":"","meta":[],"_links":{"self":[{"href":"https:\/\/serviteur.fr\/museum\/wp-json\/wp\/v2\/pages\/778"}],"collection":[{"href":"https:\/\/serviteur.fr\/museum\/wp-json\/wp\/v2\/pages"}],"about":[{"href":"https:\/\/serviteur.fr\/museum\/wp-json\/wp\/v2\/types\/page"}],"author":[{"embeddable":true,"href":"https:\/\/serviteur.fr\/museum\/wp-json\/wp\/v2\/users\/1"}],"replies":[{"embeddable":true,"href":"https:\/\/serviteur.fr\/museum\/wp-json\/wp\/v2\/comments?post=778"}],"version-history":[{"count":13,"href":"https:\/\/serviteur.fr\/museum\/wp-json\/wp\/v2\/pages\/778\/revisions"}],"predecessor-version":[{"id":2323,"href":"https:\/\/serviteur.fr\/museum\/wp-json\/wp\/v2\/pages\/778\/revisions\/2323"}],"up":[{"embeddable":true,"href":"https:\/\/serviteur.fr\/museum\/wp-json\/wp\/v2\/pages\/79"}],"wp:attachment":[{"href":"https:\/\/serviteur.fr\/museum\/wp-json\/wp\/v2\/media?parent=778"}],"curies":[{"name":"wp","href":"https:\/\/api.w.org\/{rel}","templated":true}]}}