{"id":774,"date":"2020-12-30T12:59:42","date_gmt":"2020-12-30T11:59:42","guid":{"rendered":"https:\/\/serviteur.fr\/museum\/?page_id=774"},"modified":"2021-01-11T18:04:31","modified_gmt":"2021-01-11T17:04:31","slug":"la-chine","status":"publish","type":"page","link":"https:\/\/serviteur.fr\/museum\/propositions-de-mediation\/la-chine\/","title":{"rendered":"La Chine"},"content":{"rendered":"\n<div class=\"cadre-carte\">\n\t\t<img id=\"asie\" class=\"carte\" src=\"https:\/\/www.serviteur.fr\/carte\/carte-asie.jpg\">\n\t\t<img id=\"chine\" class=\"carte carte_effet\" src=\"https:\/\/www.serviteur.fr\/carte\/carte-chine.jpg\">\n\t\t<img id=\"ici-chine\" class=\"ici\" src=\"https:\/\/www.serviteur.fr\/carte\/ici.png\">\n\t<\/div>\n\n\n\n<h1><span class=\"ez-toc-section\" id=\"Objectif\"><\/span>Objectif<span class=\"ez-toc-section-end\"><\/span><\/h1>\n\n\n\n<p>L&rsquo;objectif de ce module est de recontextualiser la collection chinoise du mus\u00e9e Georges Labit, plus particuli\u00e8rement la c\u00e9ramique.<\/p>\n\n\n\n<p>\u00c0 travers un jeu interactif, le visiteur exp\u00e9rimente les proc\u00e9d\u00e9s de fabrication ainsi que les diff\u00e9rences de mati\u00e8res, tout en faisant le parall\u00e8le avec l&rsquo;histoire de la Chine. Il pourra donc faire le lien entre l&rsquo;\u00e9volution des techniques et le contexte historique associ\u00e9.<\/p>\n\n\n\n<h1><span class=\"ez-toc-section\" id=\"Thematique\"><\/span>Th\u00e9matique<span class=\"ez-toc-section-end\"><\/span><\/h1>\n\n\n\n<p>Ce module est centr\u00e9 sur la th\u00e9matique des c\u00e9ramiques chinoises. Il aborde les trois grands types de c\u00e9ramique utilis\u00e9s en Chine:<\/p>\n\n\n\n<ul><li>Les terres cuites<\/li><li>Les gr\u00e8s<\/li><li>Les porcelaines<\/li><\/ul>\n\n\n\n<p>Son contenu permet \u00e9galement de se situer chronologiquement dans l&rsquo;histoire chinoise, \u00e0 travers l&rsquo;\u00e9vocation des grandes dynasties.<\/p>\n\n\n\n<h1><span class=\"ez-toc-section\" id=\"Materiel\"><\/span>Mat\u00e9riel<span class=\"ez-toc-section-end\"><\/span><\/h1>\n\n\n\n<p>L&rsquo;activit\u00e9 se d\u00e9roule sur une tablette fixe. L&#8217;emplacement au sein de la collection chinoise n&rsquo;a pas d&rsquo;importance, elle pourra \u00eatre fix\u00e9e en d\u00e9but, au milieu ou en fin de la zone, en fonction de la place disponible et de son accessibilit\u00e9 aux personnes \u00e0 mobilit\u00e9 r\u00e9duite. Il n&rsquo;y a pas de mat\u00e9riel audio ou vid\u00e9o \u00e0 pr\u00e9voir, le module est uniquement visuel.<\/p>\n\n\n\n<h1><span class=\"ez-toc-section\" id=\"Mediation\"><\/span>M\u00e9diation<span class=\"ez-toc-section-end\"><\/span><\/h1>\n\n\n\n<ul><li>L&rsquo;ouverture, commune pour toutes les activit\u00e9s, d\u00e9bute par la recontextualisation g\u00e9ographique du visiteur : une carte interactive pr\u00e9cise la position de la Chine.<\/li><li>L&rsquo;utilisateur arrive au sommaire, o\u00f9 il choisit entre l&rsquo;activit\u00e9 (atelier de poterie) ou l&rsquo;acc\u00e8s aux informations p\u00e9dagogiques (frise chronologique et informations des objets).<\/li><li>Pour l&rsquo;activit\u00e9 le visiteur se trouve dans un atelier de potier en Chine. Il va devoir choisir quel type d&rsquo;argile (terre cuite, gr\u00e8s, kaolin), quel type de d\u00e9coration, et quelle temp\u00e9rature de cuisson il souhaite utiliser. Ces diff\u00e9rentes combinaisons vont permettre d&rsquo;obtenir 1 des 6 c\u00e9ramiques choisies.<\/li><li>\u00c0 chaque c\u00e9ramique obtenue, on a acc\u00e8s \u00e0 des informations sur sa technique ainsi que l&rsquo;\u00e9poque \u00e0 laquelle elle appartient. Une frise chronologique permettra de visuellement recontextualiser l&rsquo;objet.<\/li><li>L&rsquo;ajout d&rsquo;un onglet \u00ab\u00a0\u00c0 la m\u00eame \u00e9poque\u00a0\u00bb pourrait laisser la possibilit\u00e9 au visiteur de comparer la c\u00e9ramique \u00e0 un autre objet du mus\u00e9e, d&rsquo;un autre pays, mais de la m\u00eame \u00e9poque, et ainsi d&rsquo;appr\u00e9hender les diff\u00e9rences culturelles et techniques de deux pays, d&rsquo;un m\u00eame continent.<\/li><\/ul>\n\n\n\n<h1><span class=\"ez-toc-section\" id=\"Objets_utilises\"><\/span>Objets utilis\u00e9s<span class=\"ez-toc-section-end\"><\/span><\/h1>\n\n\n\n<p>Un panel de six objets serait le minimum afin d&rsquo;avoir un \u00e9ventail des diff\u00e9rentes \u00e9volutions. Le choix n&rsquo;est pas d\u00e9finitif et peu bien \u00e9videmment \u00eatre modifi\u00e9.<\/p>\n\n\n\n<div class=\"wp-block-image\"><figure class=\"aligncenter size-full is-resized\"><img loading=\"lazy\" src=\"https:\/\/serviteur.fr\/museum\/wp-content\/uploads\/2021\/01\/1-1.png\" alt=\"\" class=\"wp-image-1032\" width=\"693\" height=\"464\" srcset=\"https:\/\/serviteur.fr\/museum\/wp-content\/uploads\/2021\/01\/1-1.png 924w, https:\/\/serviteur.fr\/museum\/wp-content\/uploads\/2021\/01\/1-1-300x201.png 300w, https:\/\/serviteur.fr\/museum\/wp-content\/uploads\/2021\/01\/1-1-768x514.png 768w\" sizes=\"(max-width: 693px) 100vw, 693px\" \/><\/figure><\/div>\n\n\n\n<div class=\"wp-block-image\"><figure class=\"aligncenter size-large is-resized\"><img loading=\"lazy\" src=\"https:\/\/serviteur.fr\/museum\/wp-content\/uploads\/2021\/01\/2-1.png\" alt=\"\" class=\"wp-image-1033\" width=\"703\" height=\"441\" srcset=\"https:\/\/serviteur.fr\/museum\/wp-content\/uploads\/2021\/01\/2-1.png 937w, https:\/\/serviteur.fr\/museum\/wp-content\/uploads\/2021\/01\/2-1-300x188.png 300w, https:\/\/serviteur.fr\/museum\/wp-content\/uploads\/2021\/01\/2-1-768x482.png 768w\" sizes=\"(max-width: 703px) 100vw, 703px\" \/><\/figure><\/div>\n\n\n\n<h1><span class=\"ez-toc-section\" id=\"Interactivite\"><\/span>Interactivit\u00e9<span class=\"ez-toc-section-end\"><\/span><\/h1>\n\n\n\n<p>Le point d&rsquo;honneur de notre dispositif est de laisser le visiteur libre d&rsquo;utiliser les diff\u00e9rents modules \u00e0 sa convenance, sans contrainte. Ne faisant pas exception \u00e0 la r\u00e8gle, cette activit\u00e9 est tr\u00e8s libre dans son utilisation. On peut tester toutes les combinaisons, ou une seule, on peut \u00e9galement consulter uniquement la frise chronologique, ou bien chercher des informations sur le panel d&rsquo;objet.<\/p>\n\n\n\n<p>Pendant l&rsquo;activit\u00e9, les informations p\u00e9dagogiques ne sont pas impos\u00e9es mais sugg\u00e9r\u00e9es, l&rsquo;utilisateur peut jouer et\/ou choisir d&rsquo;en savoir plus. L&rsquo;interactivit\u00e9 permet diff\u00e9rents niveaux de lecture, selon les besoins du visit-acteur. <\/p>\n\n\n\n<h1><span class=\"ez-toc-section\" id=\"Coconstruction_avec_les_commanditaires\"><\/span>Co-construction avec les commanditaires<span class=\"ez-toc-section-end\"><\/span><\/h1>\n\n\n\n<p>Ce travail est un prototypage qui n\u00e9c\u00e9ssite une discussion avec le Mus\u00e9e. TOUT est modifiable, adaptable, en fonction de ce travail collaboratif. L\u2019aspect prototypage est important dans les it\u00e9rations successives car il ancre la conceptualisation dans une r\u00e9alit\u00e9 tangible, ses difficult\u00e9s, ses d\u00e9fis, ses d\u00e9tails : Il permet une visualisation, un dialogue et une avanc\u00e9e plus rapide du projet, en d\u00e9sactivant particuli\u00e8rement les zones de flou d\u2019interpr\u00e9tation ou les r\u00eaves difficilement r\u00e9alisables techniquement.<\/p>\n\n\n\n<h2><span class=\"ez-toc-section\" id=\"Le_prototype\"><\/span>Le prototype<span class=\"ez-toc-section-end\"><\/span><\/h2>\n\n\n\n<div style=\"width: 100%;\"><div style=\"position: relative; padding-bottom: 56.25%; padding-top: 0; height: 0;\"><iframe style=\"position: absolute; top: 0; left: 0; width: 100%; height: 100%;\" src=\"https:\/\/view.genial.ly\/5ff23ace485b460cf9c79213\" type=\"text\/html\" allowscriptaccess=\"always\" allowfullscreen=\"true\" scrolling=\"yes\" allownetworking=\"all\" width=\"1200\" height=\"675\" frameborder=\"0\"><\/iframe> <\/div> <\/div>\n\n\n\n<h1><span class=\"ez-toc-section\" id=\"Axes_d%E2%80%99amelioration\"><\/span>Axes d&rsquo;am\u00e9lioration<span class=\"ez-toc-section-end\"><\/span><\/h1>\n\n\n\n<h2><span class=\"ez-toc-section\" id=\"Graphisme\/illustration\"><\/span>Graphisme\/illustration<span class=\"ez-toc-section-end\"><\/span><\/h2>\n\n\n\n<p>Ce travail n\u00e9cessite une uniformisation de tous les modules sous une application r\u00e9alis\u00e9e par un d\u00e9veloppeur informatique. De plus, les photos et diff\u00e9rentes animations utilis\u00e9es n&rsquo;ont pas, faute de temps et de comp\u00e9tences techniques limit\u00e9es, un rendu professionnel. Elles sont utilis\u00e9es \u00e0 titre d&rsquo;exemple.<\/p>\n\n\n\n<h2><span class=\"ez-toc-section\" id=\"Contenu\"><\/span>Contenu<span class=\"ez-toc-section-end\"><\/span><\/h2>\n\n\n\n<p>Le contenu p\u00e9dagogique est \u00e0 enrichir et vient illustrer le propos tout en restant tr\u00e8s g\u00e9n\u00e9raliste. Il n\u00e9cessiterait \u00e9galement une v\u00e9rification et une r\u00e9\u00e9criture par le personnel comp\u00e9tent du mus\u00e9e, afin d&rsquo;avoir une port\u00e9e p\u00e9dagogique fiable.<\/p>\n\n\n\n<h2><span class=\"ez-toc-section\" id=\"Sources_d%E2%80%99illustration\"><\/span>Sources d\u2019illustration<span class=\"ez-toc-section-end\"><\/span><\/h2>\n\n\n\n<ul><li>Le mus\u00e9e (via son r\u00e9seau) a probablement acc\u00e8s \u00e0 des photographies de qualit\u00e9 qui pourraient \u00eatre pertinentes pour illustrer certaines th\u00e9matiques.<\/li><li>Il s\u2019agit ici d\u2019un travail p\u00e9dagogique de prototypage, une \u00e9tape et non une r\u00e9alisation finale propos\u00e9e au public, qui se situe dans le cadre de l\u2019Universit\u00e9 et qui sera visible par un groupe clos (\u00e9l\u00e8ves-professeur-Mus\u00e9e) : nous avons donc laiss\u00e9 certaines images\/vid\u00e9o qui illustrent bien le propos, mais qui sont extraites d\u2019Internet : il faudra les remplacer, en obtenir les droits pour publication ou r\u00e9aliser les vid\u00e9os.<\/li><li>Sources images :&nbsp;<br>Les photos non mentionn\u00e9es ci-dessous ont pour origine le Mus\u00e9e Georges-Labit<\/li><\/ul>\n\n\n\n<p class=\"has-small-font-size\"><strong>Coupe \u00e0 bord godronn\u00e9 Yaozhou<\/strong><br>https:\/\/media.musees-occitanie.fr\/images\/artistes\/-anonyme\/coupe-a-bord-godronne-yaozhou\/photo_page.jpg\/Auteur : Daniel Molinier<br>Copyright<\/p>\n\n\n\n<p class=\"has-small-font-size\"><strong>Fabrique de porcelaine<\/strong><br>https:\/\/media.musees-occitanie.fr\/images\/artistes\/-anonyme\/fabrique-de-porcelaines\/photo_page.jpg\/Auteur : Daniel Molinier<br>Copyright<\/p>\n\n\n\n<p><\/p>\n","protected":false},"excerpt":{"rendered":"<p>Objectif L&rsquo;objectif de ce module est de recontextualiser la collection chinoise du mus\u00e9e Georges Labit, plus particuli\u00e8rement la c\u00e9ramique. \u00c0 travers un jeu interactif, le visiteur exp\u00e9rimente les proc\u00e9d\u00e9s de fabrication ainsi que les diff\u00e9rences de mati\u00e8res, tout en faisant le parall\u00e8le avec l&rsquo;histoire de la Chine. Il pourra donc faire le lien entre l&rsquo;\u00e9volution [&hellip;]<\/p>\n","protected":false},"author":5,"featured_media":0,"parent":79,"menu_order":0,"comment_status":"closed","ping_status":"closed","template":"","meta":[],"_links":{"self":[{"href":"https:\/\/serviteur.fr\/museum\/wp-json\/wp\/v2\/pages\/774"}],"collection":[{"href":"https:\/\/serviteur.fr\/museum\/wp-json\/wp\/v2\/pages"}],"about":[{"href":"https:\/\/serviteur.fr\/museum\/wp-json\/wp\/v2\/types\/page"}],"author":[{"embeddable":true,"href":"https:\/\/serviteur.fr\/museum\/wp-json\/wp\/v2\/users\/5"}],"replies":[{"embeddable":true,"href":"https:\/\/serviteur.fr\/museum\/wp-json\/wp\/v2\/comments?post=774"}],"version-history":[{"count":32,"href":"https:\/\/serviteur.fr\/museum\/wp-json\/wp\/v2\/pages\/774\/revisions"}],"predecessor-version":[{"id":2329,"href":"https:\/\/serviteur.fr\/museum\/wp-json\/wp\/v2\/pages\/774\/revisions\/2329"}],"up":[{"embeddable":true,"href":"https:\/\/serviteur.fr\/museum\/wp-json\/wp\/v2\/pages\/79"}],"wp:attachment":[{"href":"https:\/\/serviteur.fr\/museum\/wp-json\/wp\/v2\/media?parent=774"}],"curies":[{"name":"wp","href":"https:\/\/api.w.org\/{rel}","templated":true}]}}