{"id":767,"date":"2020-12-30T12:57:00","date_gmt":"2020-12-30T11:57:00","guid":{"rendered":"https:\/\/serviteur.fr\/museum\/?page_id=767"},"modified":"2021-01-11T15:45:09","modified_gmt":"2021-01-11T14:45:09","slug":"le-carnet-de-voyage","status":"publish","type":"page","link":"https:\/\/serviteur.fr\/museum\/propositions-de-mediation\/le-carnet-de-voyage\/","title":{"rendered":"Le carnet de voyage"},"content":{"rendered":"\n<p>Un carnet de voyage est comme un journal intime, on y relate son p\u00e9riple, on y ajoute les photos de ses d\u00e9couvertes, des tickets, des \u00ab\u00a0preuves\u00a0\u00bb de voyage et ses coups de c\u0153ur. L\u2019auteur y relate son ressenti. C&rsquo;est sur cette id\u00e9e (en lien avec le continuum du voyage) que nous nous sommes bas\u00e9s afin de proposer au visit-acteur de cr\u00e9er son carnet de voyage num\u00e9rique, personnalis\u00e9 et partageable. En plus de renforcer l&rsquo;immersion de chacun, tel un explorateur qui parvient au bout de son voyage, ce carnet inscrit la visite dans un continuum personnalis\u00e9.<\/p>\n\n\n\n<h1><span class=\"ez-toc-section\" id=\"Le_dispositif\"><\/span>Le dispositif<span class=\"ez-toc-section-end\"><\/span><\/h1>\n\n\n\n<p>Le carnet de voyage se constitue automatiquement \u00e0 la fin d&rsquo;une s\u00e9rie de choix que r\u00e9alise le visit-acteur (seul ou en groupe), via une interface qui recr\u00e9e un carnet sur une tablette tactile, \u00e0 la fin du parcours de visite dans le mus\u00e9e : <\/p>\n\n\n\n<ul><li><strong>Une ou plusieurs photographies ou reprographies d&rsquo;\u0153uvres<\/strong>, selon les pr\u00e9f\u00e9rences du visit-acteur. Nous proposons que l&rsquo;usager acc\u00e8de \u00e0 une page avec la liste d&rsquo;une s\u00e9lection d&rsquo;\u0153uvres (celles disponibles sur le site internet dans un premier temps), qu&rsquo;il peut s\u00e9lectionner en cliquant dessus pour la placer directement sur son carnet de voyage. Cette liste des \u0153uvres peut \u00eatre class\u00e9e par pays, avec des photos en miniature de celles-ci, en guise d&rsquo;aper\u00e7u, dans l&rsquo;optique d&rsquo;une utilisation plus instinctive et ais\u00e9e. <\/li><li><strong>Une ou plusieurs photographies &lsquo;selfie&rsquo; des visiteurs eux-m\u00eames<\/strong>, dans un d\u00e9cor. Ces derniers ont la possibilit\u00e9 de s\u00e9lectionner une toile de fond li\u00e9e aux th\u00e8mes du mus\u00e9e (des paysages ou des \u0153uvres : les cimes de l&rsquo;Himalaya, des cerisiers japonais&#8230;) et de se prendre en selfie int\u00e9gr\u00e9 directement dans le d\u00e9cor, seul ou \u00e0 plusieurs. Ces photographies ne sont pas conserv\u00e9es par le dispositif.<\/li><li>Les visit-acteurs ont de surcro\u00eet la possibilit\u00e9 de cr\u00e9er un champ de texte pour <strong>associer des mots<\/strong> aux \u0153uvres ou \u00e0 leur exp\u00e9rience mus\u00e9ale de mani\u00e8re g\u00e9n\u00e9rale.<\/li><li><strong>Des \u00e9l\u00e9ments de personnalisation d&rsquo;ordre esth\u00e9tique<\/strong> : le choix de couleurs de bordures, l&rsquo;ajout de petits symboles type \u00ab\u00a0smiley\u00a0\u00bb&#8230;<\/li><\/ul>\n\n\n\n<p>Une fois le carnet compl\u00e9t\u00e9, les visit-acteurs peuvent se l&rsquo;envoyer sous format num\u00e9rique par mail (non conserv\u00e9 par le dispositif): ils peuvent ainsi le partager sur les r\u00e9seaux sociaux ou l&rsquo;imprimer chez eux. <\/p>\n\n\n\n<p>Ce dispositif de carnet de voyage s&rsquo;ajoute au livre d&rsquo;or papier que nous avons choisi de conserver. Ici le dispositif num\u00e9rique compl\u00e8te l&rsquo;existant en apportant une dimension unique par le biais du num\u00e9rique. Le carnet de voyage ouvre une porte sur le participatif et la co-construction du parcours de chacun, avec<strong> une approche exp\u00e9rientielle, sensitive et personnalis\u00e9e. <\/strong>Le carnet de voyage accompagne le visit-acteur dans son appropriation des \u0153uvres et sa r\u00e9flexion personnelle, en incarnant une cr\u00e9ation du visiteur lui-m\u00eame : les \u0153uvres inspirent et g\u00e9n\u00e8rent la cr\u00e9ation.<\/p>\n\n\n\n<h1><span class=\"ez-toc-section\" id=\"Le_prototype\"><\/span>Le prototype<span class=\"ez-toc-section-end\"><\/span><\/h1>\n\n\n\n<figure class=\"wp-block-image size-large\"><img loading=\"lazy\" width=\"1024\" height=\"663\" src=\"https:\/\/serviteur.fr\/museum\/wp-content\/uploads\/2021\/01\/0001-15117389577_20210103_221427_0000-1024x663.png\" alt=\"\" class=\"wp-image-1035\" srcset=\"https:\/\/serviteur.fr\/museum\/wp-content\/uploads\/2021\/01\/0001-15117389577_20210103_221427_0000-1024x663.png 1024w, https:\/\/serviteur.fr\/museum\/wp-content\/uploads\/2021\/01\/0001-15117389577_20210103_221427_0000-300x194.png 300w, https:\/\/serviteur.fr\/museum\/wp-content\/uploads\/2021\/01\/0001-15117389577_20210103_221427_0000-768x497.png 768w, https:\/\/serviteur.fr\/museum\/wp-content\/uploads\/2021\/01\/0001-15117389577_20210103_221427_0000-1536x995.png 1536w, https:\/\/serviteur.fr\/museum\/wp-content\/uploads\/2021\/01\/0001-15117389577_20210103_221427_0000.png 1998w\" sizes=\"(max-width: 1024px) 100vw, 1024px\" \/><\/figure>\n\n\n\n<p><strong>Informations techniques :<\/strong><\/p>\n\n\n\n<p><strong>\u00c9tapes de cr\u00e9ation : <\/strong><\/p>\n\n\n\n<ul><li>Choisir le fond <\/li><li>Ajouter des images de format Polaro\u00efd (choisir parmi une banque d&rsquo;\u0153uvres)<\/li><li>Ajouter des zones de textes guid\u00e9es (exemples : Mes impressions &#8211; Ce que je retiens de la visite &#8211; Mon escale pr\u00e9f\u00e9r\u00e9e &#8211; Mon humeur&#8230;)<\/li><li>Ajouter des r\u00e9actions, \u00e9motions (smiley, mots anim\u00e9es etc&#8230;)<\/li><li>Possibilit\u00e9 d&rsquo;ajouter une\/des photos personnelles (charg\u00e9es par Bluetooth)<\/li><li>Possibilit\u00e9 de prendre un selfie avec des fonds au choix et de modifier la photo en y ajoutant des \u00e9l\u00e9ments<\/li><\/ul>\n\n\n\n<p><strong>Ensuite : <\/strong><\/p>\n\n\n\n<ul><li>Le visit-acteur peut s&rsquo;envoyer par mail le carnet et a la possibilit\u00e9 de le partager avec les autres visiteurs et le mus\u00e9e (le format doit \u00eatre compatible avec les publications Instagram ou Facebook). Si celui-ci int\u00e8gre un selfie de visiteur, il doit cocher une autorisation \u00ab\u00a0J&rsquo;accepte que mon image soit diffus\u00e9e avec le mus\u00e9e et les autres visiteurs\u00a0\u00bb. <\/li><li>Acc\u00e8s au menu avec les carnets partag\u00e9s les visiteurs.<\/li><\/ul>\n\n\n\n<h1><span class=\"ez-toc-section\" id=\"L%E2%80%99aboutissement_d%E2%80%99une_experience_de_mediation_numerique_participative_et_collaborative\"><\/span>L&rsquo;aboutissement d&rsquo;une exp\u00e9rience de m\u00e9diation num\u00e9rique participative et collaborative <span class=\"ez-toc-section-end\"><\/span><\/h1>\n\n\n\n<p>Un des int\u00e9r\u00eats de ce carnet de voyage r\u00e9side dans la collecte de donn\u00e9es (gard\u00e9es anonymes) afin de g\u00e9n\u00e9rer automatiquement des statistiques sur les \u0153uvres, les couleurs choisies, les mots s\u00e9lectionn\u00e9s pour constituer le carnet (nous excluons les photos &lsquo;selfies&rsquo; des visiteurs pour des questions d&rsquo;anonymat et de respect du droit \u00e0 l&rsquo;image). <\/p>\n\n\n\n<p>Il s&rsquo;agit de donner l&rsquo;acc\u00e8s \u00e0 <strong>une ou plusieurs infographies<\/strong> pr\u00e9sentant aux visiteurs les choix des autres visiteurs pour leur carnet de voyage (les trois \u0153uvres les plus s\u00e9lectionn\u00e9es par exemple). Ces donn\u00e9es sont organis\u00e9es automatiquement, pr\u00e9sent\u00e9es de mani\u00e8re anonyme pour que le visiteur acc\u00e8de aux pr\u00e9f\u00e9rences et ressentis des autres visiteurs. Nous envisageons plusieurs possibilit\u00e9s pour l&rsquo;acc\u00e8s \u00e0 ces donn\u00e9es : dans une rubrique du carnet de voyage sur la tablette, sous format de projection sur un mur du mus\u00e9e \u00e0 c\u00f4t\u00e9 de la boutique (si l&rsquo;espace nous le permet) ou sur le site du mus\u00e9e. <\/p>\n\n\n\n<p>Nous voyons plusieurs int\u00e9r\u00eats cruciaux \u00e0 cet exercice : <\/p>\n\n\n\n<ul><li>Cette d\u00e9marche a pour but <strong>de d\u00e9clencher une r\u00e9flexion chez le visit-acteur <\/strong>: sur sa propre conception des choses, sur son ressenti &#8211; et surtout son ressenti\/id\u00e9es par rapport aux autres -, sur son exp\u00e9rience mus\u00e9ale et son approche des oeuvres. Nous y voyons des parall\u00e8les avec les principes de l&rsquo;intelligence collective, \u00e0 une plus petite \u00e9chelle : l&rsquo;id\u00e9e est de stimuler l&rsquo;\u00e9change et le partage de connaissances, en mutualisant, en collaborant, pour s&rsquo;\u00e9lever ensemble. Le savoir, les \u00e9motions et les r\u00e9flexions se co-construisent et le mus\u00e9e y joue le r\u00f4le de support et de cadre. L&rsquo;interactivit\u00e9 \u00e9largit son champ entre les visit-acteurs eux-m\u00eames et tous les acteurs du mus\u00e9e. Il s&rsquo;agit \u00e0 la fois de la relation entre l&rsquo;objet expos\u00e9 et le<em> <\/em>visit-acteur, mais aussi de l&rsquo;objet expos\u00e9 et des<em> <\/em>visit-acteurs, que l&rsquo;on consid\u00e8re \u00e0 la fois comme des individus uniques mais \u00e9galement les membres d&rsquo;une communaut\u00e9 avec laquelle ils peuvent \u00e9changer et partager leurs impressions. <\/li><li><strong>L\u2019utilisation du num\u00e9rique est indispensable pour cet exercice : <\/strong>c&rsquo;est en effet gr\u00e2ce \u00e0 la possibilit\u00e9 de collecter et de classer de mani\u00e8re automatique &#8211; sans remplacer le dispositif existant du livre d&rsquo;or papier &#8211; que l&rsquo;activit\u00e9 prend tout son sens.<\/li><li>Les donn\u00e9es anonymes sur les \u0153uvres pr\u00e9f\u00e9r\u00e9es des usagers peuvent \u00eatre <strong>utilis\u00e9es et analys\u00e9es par le mus\u00e9e <\/strong>lui-m\u00eame pour cr\u00e9er un corpus des commentaires, des nuages de mots et mieux conna\u00eetre les pr\u00e9f\u00e9rences des usagers pour, par exemple, proposer ou adapter les focus sur certaines \u0153uvres, sur les RSN ou sur les supports de m\u00e9diation <em>in situ<\/em>.<\/li><\/ul>\n","protected":false},"excerpt":{"rendered":"<p>Un carnet de voyage est comme un journal intime, on y relate son p\u00e9riple, on y ajoute les photos de ses d\u00e9couvertes, des tickets, des \u00ab\u00a0preuves\u00a0\u00bb de voyage et ses coups de c\u0153ur. L\u2019auteur y relate son ressenti. C&rsquo;est sur cette id\u00e9e (en lien avec le continuum du voyage) que nous nous sommes bas\u00e9s afin [&hellip;]<\/p>\n","protected":false},"author":3,"featured_media":0,"parent":79,"menu_order":0,"comment_status":"closed","ping_status":"closed","template":"","meta":[],"_links":{"self":[{"href":"https:\/\/serviteur.fr\/museum\/wp-json\/wp\/v2\/pages\/767"}],"collection":[{"href":"https:\/\/serviteur.fr\/museum\/wp-json\/wp\/v2\/pages"}],"about":[{"href":"https:\/\/serviteur.fr\/museum\/wp-json\/wp\/v2\/types\/page"}],"author":[{"embeddable":true,"href":"https:\/\/serviteur.fr\/museum\/wp-json\/wp\/v2\/users\/3"}],"replies":[{"embeddable":true,"href":"https:\/\/serviteur.fr\/museum\/wp-json\/wp\/v2\/comments?post=767"}],"version-history":[{"count":15,"href":"https:\/\/serviteur.fr\/museum\/wp-json\/wp\/v2\/pages\/767\/revisions"}],"predecessor-version":[{"id":2292,"href":"https:\/\/serviteur.fr\/museum\/wp-json\/wp\/v2\/pages\/767\/revisions\/2292"}],"up":[{"embeddable":true,"href":"https:\/\/serviteur.fr\/museum\/wp-json\/wp\/v2\/pages\/79"}],"wp:attachment":[{"href":"https:\/\/serviteur.fr\/museum\/wp-json\/wp\/v2\/media?parent=767"}],"curies":[{"name":"wp","href":"https:\/\/api.w.org\/{rel}","templated":true}]}}