{"id":720,"date":"2020-12-29T20:52:54","date_gmt":"2020-12-29T19:52:54","guid":{"rendered":"https:\/\/serviteur.fr\/museum\/?page_id=720"},"modified":"2021-01-11T17:21:48","modified_gmt":"2021-01-11T16:21:48","slug":"le-monde-indien","status":"publish","type":"page","link":"https:\/\/serviteur.fr\/museum\/propositions-de-mediation\/le-monde-indien\/","title":{"rendered":"Le Monde Indien"},"content":{"rendered":"\n<div class=\"cadre-carte\">\n\t\t<img id=\"inde\" class=\"carte\" src=\"https:\/\/www.serviteur.fr\/carte\/carte-asie.jpg\">\n\t\t<img id=\"inde\" class=\"carte carte_effet\" src=\"https:\/\/www.serviteur.fr\/carte\/carte-inde.jpg\">\n\t\t<img id=\"ici-inde\" class=\"ici\" src=\"https:\/\/www.serviteur.fr\/carte\/ici.png\">\n\t<\/div>\n\n\n\n<p><\/p>\n\n\n\n<p>La collection du Monde Indien couvre une zone g\u00e9ographique plus large que l&rsquo;Etat actuel de l&rsquo;Inde : l&rsquo;Inde, le Pakistan et l&rsquo;Afghanistan. Ce module se centre sur un des th\u00e8mes communs aux \u0153uvres expos\u00e9es de cette zone, <strong>les pratiques religieuses<\/strong>.<\/p>\n\n\n\n<h1><span class=\"ez-toc-section\" id=\"Objectifs_et_caracteristiques\"><\/span>Objectifs et caract\u00e9ristiques <span class=\"ez-toc-section-end\"><\/span><\/h1>\n\n\n\n<ul><li>Ce module sur le Monde Indien, sur le m\u00eame principe que l&rsquo;ensemble du dispositif, vise \u00e0 donner des<strong> cl\u00e9s d&rsquo;analyse des pi\u00e8ces expos\u00e9es aux usagers<\/strong> profanes comme exp\u00e9riment\u00e9s, dans l&rsquo;optique de nourrir la curiosit\u00e9 du visit-acteur, transmettre des connaissances, et surtout proposer une nouvelle mani\u00e8re de contempler et construire son exp\u00e9rience mus\u00e9ale. <\/li><li>Il est propos\u00e9 <strong>une approche sensible et participative<\/strong>, qui permet de proposer une nouvelle mani\u00e8re de contempler et de construire son exp\u00e9rience mus\u00e9ale. <\/li><li>L&rsquo;exp\u00e9rience est interactive sur tablette tactile et pr\u00e9sente des <strong>activit\u00e9s courtes<\/strong>, r\u00e9alisables seul ou en groupe.<\/li><\/ul>\n\n\n\n<p>Ce module fonctionne de la m\u00eame mani\u00e8re que les autres modules :<strong> la libert\u00e9 de circulation, d&rsquo;exploration et de d\u00e9couverte<\/strong> dans le mus\u00e9e, comme sur l&rsquo;application sur tablette tactile, sont \u00e0 l&rsquo;honneur. La structure en<strong> sous-modules<\/strong> renforce cette id\u00e9e : le visit-acteur choisit ce qu&rsquo;il veut faire, dans son int\u00e9gralit\u00e9 ou partiellement, pour construire lui-m\u00eame son parcours. <\/p>\n\n\n\n<p>L&rsquo;organisation de l&rsquo;application refl\u00e8te donc ce principe : il est possible de commencer dans l&rsquo;ordre que l&rsquo;on souhaite \u00e0 partir du<strong> menu g\u00e9n\u00e9ral<\/strong>, et de choisir, \u00e0 tout moment, d&rsquo;explorer une autre th\u00e9matique, de retourner \u00e0 la page pr\u00e9c\u00e9dente, de sauter des explications ou une activit\u00e9. L&rsquo;interactivit\u00e9 permet diff\u00e9rents niveaux de lecture selon les besoins de l&rsquo;usager. <\/p>\n\n\n\n<h1><span class=\"ez-toc-section\" id=\"Thematiques\"><\/span>Th\u00e9matiques<span class=\"ez-toc-section-end\"><\/span><\/h1>\n\n\n\n<p>Ce module est structur\u00e9 en quatre sous-modules ind\u00e9pendants, qui traitent de diff\u00e9rents th\u00e8mes en lien avec les pratiques religieuses. Chaque th\u00e9matique est construite sur le m\u00eame sch\u00e9ma : <\/p>\n\n\n\n<ul><li>Une premi\u00e8re partie avec quelques explications g\u00e9n\u00e9rales. <\/li><li>Une deuxi\u00e8me partie qui est l&rsquo;activit\u00e9 propos\u00e9e. Ces activit\u00e9s interactives proposent de nouveaux axes de contemplation, illustrent les explications donn\u00e9es, accentuent la recontextualisation des \u0153uvres dans leur environnement d&rsquo;origine.<\/li><\/ul>\n\n\n\n<p>Concernant les explications g\u00e9n\u00e9rales pour chaque th\u00e9matique : <\/p>\n\n\n\n<ul><li>Histoire br\u00e8ve : Une carte interactive est propos\u00e9e pour donner quelques cl\u00e9s d&rsquo;analyse g\u00e9n\u00e9rales pour l&rsquo;usager, en mobilisant les rep\u00e8res spatiaux pour permettre une recontextualisation historique et g\u00e9ographique. Une premi\u00e8re cat\u00e9gorie de rep\u00e8res marquent des \u00e9v\u00e8nements ou des points d&rsquo;int\u00e9r\u00eats, une deuxi\u00e8me partie de rep\u00e8res situent les lieux de production d&rsquo;une s\u00e9lection de pi\u00e8ces expos\u00e9es. La frise carte propos\u00e9e n&rsquo;est qu&rsquo;un aper\u00e7u avec une s\u00e9lection r\u00e9duite de rep\u00e8res historiques ; ce travail ne saurait se passer du regard et de la correction de sp\u00e9cialistes. <\/li><li>Les diff\u00e9rentes repr\u00e9sentations des figures religieuses : ici, le choix a \u00e9t\u00e9 d&rsquo;axer sur la figure multiple de Shiva, en reprenant les commentaires pr\u00e9sents sur le site internet.<\/li><li>Les temples\u00a0hindous : les informations sont r\u00e9sum\u00e9es de Wikip\u00e9dia, et ne sauraient se passer du regard et de la correction de sp\u00e9cialistes. L&rsquo;id\u00e9al serait de disposer d&rsquo;une reconstitution historique d&rsquo;un temple hindou \u00e0 partir des pi\u00e8ces du mus\u00e9e, afin de cr\u00e9er un sch\u00e9ma interactif et comment\u00e9. <\/li><li>Les chars processionnels\u00a0hindous : les informations sont r\u00e9sum\u00e9es de Wikip\u00e9dia, et ne sauraient se passer du regard et de la correction de sp\u00e9cialistes. L&rsquo;id\u00e9al serait de disposer d&rsquo;une reconstitution historique d&rsquo;un char de procession \u00e0 partir des pi\u00e8ces du mus\u00e9e, afin de cr\u00e9er un sch\u00e9ma interactif et comment\u00e9.<\/li><\/ul>\n\n\n\n<h1 id=\"block-60b0e82c-7ec7-4fb7-bc1e-5fba1f91b19c\"><span class=\"ez-toc-section\" id=\"La_mediation\"><\/span>La m\u00e9diation<span class=\"ez-toc-section-end\"><\/span><\/h1>\n\n\n\n<h2 id=\"block-921505de-7686-4d23-97b0-2e559bce24a2\"><span class=\"ez-toc-section\" id=\"Le_prototype\"><\/span>Le prototype<span class=\"ez-toc-section-end\"><\/span><\/h2>\n\n\n\n<div style=\"width: 100%;\"><div style=\"position: relative; padding-bottom: 56.25%; padding-top: 0; height: 0;\"><iframe style=\"position: absolute; top: 0; left: 0; width: 100%; height: 100%;\" src=\"https:\/\/view.genial.ly\/5feb450d6157fe0d69197bdf\" type=\"text\/html\" allowscriptaccess=\"always\" allowfullscreen=\"true\" scrolling=\"yes\" allownetworking=\"all\" width=\"1200\" height=\"675\" frameborder=\"0\"><\/iframe> <\/div> <\/div>\n\n\n\n<p><\/p>\n\n\n\n<h2 id=\"block-053b37c9-4d5b-4b89-b249-9de6bd66c339\"><span class=\"ez-toc-section\" id=\"Les_activites\"><\/span>Les activit\u00e9s<span class=\"ez-toc-section-end\"><\/span><\/h2>\n\n\n\n<p id=\"block-0a53f6c7-0719-46fa-9529-a2a2e24af2fe\">Le module est int\u00e9gr\u00e9 dans un application sur tablette tactile qui (\u00e0 terme) r\u00e9unira les autres modules et sera soumis \u00e0 un travail de d\u00e9veloppement et de graphisme, afin d&rsquo;harmoniser, de donner une unit\u00e9 graphique et de fonctionnement \u00e0 l&rsquo;ensemble.<\/p>\n\n\n\n<p>Certaines de ces activit\u00e9s sont relativement ambitieuses et friandes de ressources. <strong>Des partenariats avec des \u00e9coles et universit\u00e9s locales <\/strong>comme l&rsquo;Ecole de Motion Design de Toulouse ou les universit\u00e9s (avec des \u00e9tudiants en arch\u00e9ologie ou en histoire de l&rsquo;art par exemple) pourraient \u00eatre particuli\u00e8rement int\u00e9ressantes pour le mus\u00e9e, en tant qu&rsquo;acteur culturel int\u00e9gr\u00e9 dans un r\u00e9seau de partenaires, mais aussi pour les \u00e9tudiants qui auraient ainsi l&rsquo;occasion de travailler sur un projet original et innovant.<\/p>\n\n\n\n<h4 id=\"block-bf652443-a894-4aa6-a59e-2055aa09f5d4\"><strong>1. Un questionnaire sensible<\/strong><\/h4>\n\n\n\n<p id=\"block-a89d3a61-fde3-465a-9849-447f788db5be\">Le questionnaire propos\u00e9 est compos\u00e9 de plusieurs questions, avec des propositions ; la particularit\u00e9 est qu&rsquo;il s&rsquo;agit de questions centr\u00e9es sur les repr\u00e9sentations, les sentiments et les impressions des visit-acteurs sur le monde indien. Le visit-acteur doit alors se centrer sur son propre imaginaire et peut acc\u00e9der aux avis des autres visit-acteurs, par l&rsquo;affichage des pourcentages de leurs choix (les donn\u00e9es r\u00e9colt\u00e9es sont anonymes). Ces questions sont fond\u00e9es sur l&rsquo;id\u00e9e du <strong>participatif <\/strong>et de <strong>l&rsquo;\u00e9change <\/strong>: les visit-acteurs peuvent r\u00e9fl\u00e9chir individuellement mais \u00e9galement collectivement, ils forment une <strong>communaut\u00e9 autour des \u0153uvres.<\/strong><\/p>\n\n\n\n<p>Du c\u00f4t\u00e9 du d\u00e9veloppement, il faut pr\u00e9voir la mise en place d&rsquo;un outil de r\u00e9colte et de calcul automatique et anonyme des donn\u00e9es. <\/p>\n\n\n\n<h4 id=\"block-0992c673-ad8d-4201-a839-1ba5fe1e8c5b\"><strong>2. L&rsquo;interaction avec l&rsquo;\u00e9clairage d&rsquo;une \u0153uvre<\/strong><\/h4>\n\n\n\n<p id=\"block-29243d00-227f-4965-bf60-f330cb667a86\">Au cours du th\u00e8me sur les figures divines, il est propos\u00e9 au visit-acteur de pouvoir agir temporairement sur l&rsquo;\u00e9clairage de l&rsquo;\u0153uvre centrale expos\u00e9e dans une vitrine (pour notre exemple, il s&rsquo;agit de la <em>Nymphe c\u00e9leste au miroir<\/em>) via une gamme de couleurs propos\u00e9es. La couleur des spots d&rsquo;\u00e9clairage change quelques secondes avant un retour automatique \u00e0 l&rsquo;\u00e9clairage par d\u00e9faut.<\/p>\n\n\n\n<p id=\"block-29243d00-227f-4965-bf60-f330cb667a86\">Cette activit\u00e9 est un peu plus ambitieuse et implique id\u00e9alement un changement dans la sc\u00e9nographie pour exposer une \u0153uvre au centre de l&rsquo;espace d\u00e9di\u00e9, dans une<strong> vitrine ferm\u00e9e<\/strong>, en plus d&rsquo;utiliser des<strong> spots d&rsquo;\u00e9clairages<\/strong> qui peuvent changer de couleur et programmer leur changement \u00e0 distance sur la tablette.<\/p>\n\n\n\n<p id=\"block-24475fff-6c59-4c7d-9967-4ce1e9404378\">Cette interaction avec l&rsquo;\u00e9clairage porte plusieurs int\u00e9r\u00eats : la grande<strong> interactivit\u00e9<\/strong> (le visit-acteur agit directement sur l&rsquo;\u0153uvre et son cadre d&rsquo;exposition), de nouvelles perspectives pour<strong> contempler<\/strong> (l&rsquo;initiation \u00e0 une r\u00e9flexion sur le contexte d&rsquo;exposition et des choix de sc\u00e9nographie), et de nouvelles perspectives pour la <strong>sc\u00e9nographie<\/strong> et la <strong>m\u00e9diation<\/strong> (une d\u00e9marche sensible pens\u00e9e \u00e0 partir de l&rsquo;usager, pour cr\u00e9er un cadre propice \u00e0 une contemplation personnalis\u00e9e tout en fournissant un discours de m\u00e9diation clair).<\/p>\n\n\n\n<h4 id=\"block-b11f0ad7-393a-42f4-8f31-9b20a97d860a\"><strong>3. Le puzzle d&rsquo;un temple hindou en trois dimensions<\/strong> (alternative possible)<\/h4>\n\n\n\n<p id=\"block-82d8db90-1369-4cb8-8663-8b38754b7638\">Il est propos\u00e9 au visit-acteur de pouvoir reconstituer un temple hindou en trois dimensions. Un des exemples pour illustrer est tir\u00e9 d&rsquo;une application t\u00e9l\u00e9phone de puzzle en trois dimensions ; choix justifi\u00e9 par la grande simplicit\u00e9 d&rsquo;usage de l&rsquo;application et son appropriation rapide. Cependant, la forme finale du mod\u00e8le 3D d&rsquo;un temple hindou n&rsquo;est pas arr\u00eat\u00e9e, et <strong>un travail de reconstitution avec des professionnels est irrempla\u00e7able<\/strong> avant de concevoir l&rsquo;activit\u00e9 de puzzle. Cette activit\u00e9 offre plusieurs int\u00e9r\u00eats dont celui ludique de la reconstitution interactive, celui de la force p\u00e9dagogique de la construction, ou en offrant de nouvelles perspectives pour appr\u00e9cier les pi\u00e8ces expos\u00e9es et les recontextualiser. <\/p>\n\n\n\n<p><strong>Cette activit\u00e9 est techniquement une des plus ambitieuses de notre projet<\/strong>, principalement par sa difficult\u00e9 de r\u00e9alisation, qui n\u00e9cessite des graphistes, des designers et des d\u00e9veloppeurs qualifi\u00e9s pour r\u00e9aliser des supports interactifs en trois dimensions. La mise en place de cette activit\u00e9 demande un travail de recherche et de reconstitution exigeant en amont. Il faut en effet travailler avec des sp\u00e9cialistes de la question afin de proposer une reconstitution qui se rapproche le plus possible de la r\u00e9alit\u00e9. Il s&rsquo;agit donc d&rsquo;une activit\u00e9 on\u00e9reuse, qui tournerait autour de quelques milliers d&rsquo;euros, selon les estimations d&rsquo;un d\u00e9veloppeur d&rsquo;application qui nous a conseill\u00e9 pour le chiffrage du projet. <\/p>\n\n\n\n<p><strong>Si cette activit\u00e9 n&rsquo;est pas r\u00e9alisable pour diverses raisons<\/strong>, il est possible de basculer vers un puzzle en 2D sur tablette et\/ou de travailler avec des sp\u00e9cialistes et artistes pour cr\u00e9er des illustrations qui reconstituent des temples hindous avec la reproduction de la pi\u00e8ce de jambage du mus\u00e9e pour la recontextualiser dans son contexte d&rsquo;origine. <\/p>\n\n\n\n<h4 id=\"block-75d89e3c-b9b3-44c1-98da-dbb1e75c0b40\"><strong>4. La fouille visuelle pour d\u00e9couvrir les chars de procession<\/strong><\/h4>\n\n\n\n<p id=\"block-66db4ed7-8b1d-4314-966c-e0828d0c37cf\">L&rsquo;activit\u00e9 \u00ab\u00a0O\u00f9 est Shiva ?\u00a0\u00bb est un clin d&rsquo;\u0153il au c\u00e9l\u00e8bre personnage Charlie des albums \u00ab\u00a0O\u00f9 est Charlie ?\u00a0\u00bb. Il s&rsquo;agit d&rsquo;une activit\u00e9 avec un <strong>int\u00e9r\u00eat ludique fort<\/strong> qui engage le visit-acteur \u00e0 faire de la recherche visuelle et une observation pr\u00e9cise d&rsquo;une illustration. Le fait de chercher et de trouver le d\u00e9tail dans les illustrations de chars de processions n&rsquo;est pas la finalit\u00e9 de l&rsquo;activit\u00e9 ; en effet le but recherch\u00e9 est de propulser le visit-acteur \u00e0 la d\u00e9couverte de ceux-ci d&rsquo;une mani\u00e8re interactive, o\u00f9 les chars de procession et les pi\u00e8ces expos\u00e9es sont recontextualis\u00e9es dans un ensemble qu&rsquo;il explore du d\u00e9tail vers le global.<\/p>\n\n\n\n<p><strong>Plusieurs solutions techniques sont envisag\u00e9es pour cette activit\u00e9 <\/strong>: il est possible de coller sur une photographie de char, la pi\u00e8ce d\u00e9coup\u00e9e en travaillant la couleur et la taille pour qu&rsquo;elle se fonde dans le d\u00e9cor (dans l&rsquo;id\u00e9e de ce qui est propos\u00e9 sur le prototype). Il est \u00e9galement possible de proposer des reconstitutions dessin\u00e9es par des sp\u00e9cialistes et des artistes, sur lesquelles seraient directement dessin\u00e9s les d\u00e9tails \u00e0 trouver. La deuxi\u00e8me solution serait plus adapt\u00e9e, avec un rendu plus esth\u00e9tique, mais le travail de reconstitution et d&rsquo;animation en amont est plus cons\u00e9quent.<\/p>\n\n\n\n<h1><span class=\"ez-toc-section\" id=\"Aspect_materiel_et_logistique\"><\/span>Aspect mat\u00e9riel et logistique<span class=\"ez-toc-section-end\"><\/span><\/h1>\n\n\n\n<p>Ce module sur le Monde Indien propose de revoir un \u00e9l\u00e9ment de la mus\u00e9ographie pour proposer une activit\u00e9 sur l&rsquo;\u00e9clairage. Il s&rsquo;agit de placer une \u0153uvre sur une colonne prot\u00e9g\u00e9e par une vitrine \u00e9clair\u00e9e artificiellement avec des spots int\u00e9rieurs int\u00e9gr\u00e9s au centre de l&rsquo;espace d\u00e9di\u00e9. Les int\u00e9r\u00eats de cette proposition sont : <\/p>\n\n\n\n<ul><li>Une vitrine centrale qui recompose la<strong> circulation dans l&rsquo;espace<\/strong> non-plus lin\u00e9aire d&rsquo;une \u0153uvre \u00e0 une autre, mais <strong>circulaire, <\/strong>et qui permet de renforcer la sensation de libert\u00e9 et l&rsquo;id\u00e9e de d\u00e9ambulation du visit-acteur dans les espaces d&rsquo;exposition. Une \u0153uvre peut s&rsquo;appr\u00e9cier de mani\u00e8re mobile et interactive, ce qui accentue la relation entre l&rsquo;oeuvre et l&rsquo;usager.<\/li><li>La vitrine centrale permet une<strong> nouvelle approche de l&rsquo;\u0153uvre<\/strong> : l&rsquo;usager peut observer l&rsquo;\u0153uvre sous diff\u00e9rents angles et se pencher sur de nouveaux d\u00e9tails d&rsquo;une pi\u00e8ce qui s&rsquo;appr\u00e9cie dans ses reliefs et volumes (contrairement \u00e0 un tableau par exemple). <\/li><li>La vitrine centrale a un \u00e9clairage ind\u00e9pendant qui permet la mise en place de<strong> l&rsquo;activit\u00e9<\/strong> sur l&rsquo;\u00e9clairage de l&rsquo;\u0153uvre (expliqu\u00e9 dans la partie sur la m\u00e9diation).<\/li><\/ul>\n\n\n\n<p>Nous proposons le fragment de relief<em> Nymphe c\u00e9leste au miroir<\/em>, en raison de la taille raisonnable de l&rsquo;\u0153uvre, ce qui permet d&rsquo;\u00e9viter d&rsquo;occuper trop d&rsquo;espace au centre afin de ne pas g\u00eaner la circulation. Nous proposons \u00e9galement cette \u0153uvre en raison de sa grande qualit\u00e9 et de sa mati\u00e8re en gr\u00e8s rose, sur lequel les nuances de lumi\u00e8re sont visibles et appr\u00e9ciables.   <\/p>\n\n\n\n<p>L&rsquo;exp\u00e9rience propos\u00e9e est<strong> r\u00e9alisable sur une tablette fix\u00e9e sur un support avec une hauteur ajustable<\/strong> (l&rsquo;aper\u00e7u ci-dessous ne repr\u00e9sente pas le support de tablette en question) et ne n\u00e9cessite pas de casque ou d&rsquo;\u00e9couteurs, les activit\u00e9s de cette zone \u00e9tant uniquement visuelles. Il faut \u00e9galement pr\u00e9voir la mise en place d&rsquo;une vitrine \u00e9clair\u00e9e au centre, avec l&rsquo;installation de spots \u00e0 lumi\u00e8re ajustable. Voir la partie <a rel=\"noreferrer noopener\" href=\"https:\/\/serviteur.fr\/museum\/presentation-de-notre-projet-2\/vers-la-phase-de-realisation\/\" target=\"_blank\">Vers la phase de r\u00e9alisation<\/a> pour plus de d\u00e9tails sur les ressources \u00e0 pr\u00e9voir.<\/p>\n\n\n\n<figure class=\"wp-block-image size-large is-resized\"><img loading=\"lazy\" src=\"https:\/\/serviteur.fr\/museum\/wp-content\/uploads\/2020\/12\/demo-final-1024x768.png\" alt=\"\" class=\"wp-image-728\" width=\"980\" height=\"735\" srcset=\"https:\/\/serviteur.fr\/museum\/wp-content\/uploads\/2020\/12\/demo-final-1024x768.png 1024w, https:\/\/serviteur.fr\/museum\/wp-content\/uploads\/2020\/12\/demo-final-300x225.png 300w, https:\/\/serviteur.fr\/museum\/wp-content\/uploads\/2020\/12\/demo-final-768x576.png 768w, https:\/\/serviteur.fr\/museum\/wp-content\/uploads\/2020\/12\/demo-final-1536x1152.png 1536w, https:\/\/serviteur.fr\/museum\/wp-content\/uploads\/2020\/12\/demo-final.png 2048w\" sizes=\"(max-width: 980px) 100vw, 980px\" \/><\/figure>\n\n\n\n<h1><span class=\"ez-toc-section\" id=\"Travail_graphique\/animation\"><\/span>Travail graphique\/animation<span class=\"ez-toc-section-end\"><\/span><\/h1>\n\n\n\n<p>Les couleurs utilis\u00e9es sont celles \u00e9tablies dans notre charte graphiques (oranges, jaunes\u2026), les codes visuels repris sont ceux du voyage (avions, passeports, nuages\u2026).<\/p>\n\n\n\n<p>Pour le d\u00e9veloppement de l\u2019application, il faudrait reproduire les fonctionnalit\u00e9s propos\u00e9es ici par Genial.ly (les transitions, le syst\u00e8me de quiz, les \u00e9l\u00e9ments visuels, interactifs etc\u2026) et pr\u00e9voir l&rsquo;int\u00e9gration d&rsquo;un outil de r\u00e9colte des donn\u00e9es pour le questionnaire sensible. <\/p>\n\n\n\n<h1><span class=\"ez-toc-section\" id=\"Coconstruction_avec_le_commanditaires\"><\/span>Co-construction avec le commanditaires<span class=\"ez-toc-section-end\"><\/span><\/h1>\n\n\n\n<p>Pour que les modules de m\u00e9diation soient pertinents, utilisables et conformes aux attentes de l\u2019institution, le Mus\u00e9e devra effectuer un travail de relecture et \u00e9ventuellement de correction des contenus, v\u00e9rifier les droits des images choisies dans le cadre des focus d\u2019oeuvres et s\u2019assurer du bon placement des tablettes selon la sc\u00e9nographie.<\/p>\n\n\n\n<p>Les th\u00e8mes, \u0153uvres et activit\u00e9s ont \u00e9t\u00e9 choisis pour illustrer le principe du dispositif mais peuvent totalement varier. Les focus d\u2019\u0153uvres peuvent par exemple mettre en avant plus de pi\u00e8ces, etc. <\/p>\n\n\n\n<p>En conclusion, le dispositif est mall\u00e9able mais r\u00e9pond aux attentes du Mus\u00e9e concernant l\u2019ancrage g\u00e9ographique, l\u2019apport de contenu et de connaissances sur les \u0153uvres ainsi que l\u2019interactivit\u00e9 avec le visiteur.<\/p>\n\n\n\n<h1><span class=\"ez-toc-section\" id=\"Travail_sur_les_photos\/sources_d%E2%80%99illustration\"><\/span>Travail sur les photos\/sources d&rsquo;illustration<span class=\"ez-toc-section-end\"><\/span><\/h1>\n\n\n\n<ul id=\"block-9b33cc70-7c1a-48d4-925d-e2352bc02e8a\"><li>Le mus\u00e9e (via son r\u00e9seau) a probablement acc\u00e8s \u00e0 des photographies de qualit\u00e9 qui pourraient \u00eatre pertinentes pour illustrer certaines th\u00e9matiques.<\/li><li>Il s&rsquo;agit ici d&rsquo;un travail p\u00e9dagogique de prototypage, une \u00e9tape et non une r\u00e9alisation finale propos\u00e9e au public, qui se situe dans le cadre de l&rsquo;Universit\u00e9 et qui sera visible par un groupe clos (\u00e9l\u00e8ves-professeur-Mus\u00e9e) : nous avons donc laiss\u00e9 certaines images\/vid\u00e9o qui illustrent bien le propos, mais qui sont extraites d&rsquo;Internet : il faudra les remplacer, en obtenir les droits pour publication ou r\u00e9aliser les vid\u00e9os.<\/li><li>Sources images :<br>Les photos non mentionn\u00e9es ci-dessous ont pour origine le Mus\u00e9e Georges-Labit<\/li><\/ul>\n\n\n\n<p class=\"has-small-font-size\"><strong>Carte interactive : Photographie <strong>d&rsquo;un temple du village Khajuraho<\/strong><\/strong><br>https:\/\/upload.wikimedia.org\/wikipedia\/commons\/thumb\/7\/7a\/Khajuraho_140.jpg\/1280px-Khajuraho_140.jpg <br>Cr\u00e9dit : YashiWong<br>CC BY-SA<\/p>\n\n\n\n<p class=\"has-small-font-size\"><strong><strong>Carte interactive : carte des comptoirs europ\u00e9ens en Inde (1501 &#8211; 1739)<\/strong><\/strong><br>http:\/\/www.labourdonnais-association.org\/wp-content\/uploads\/2013\/06\/photo2.jpg<br>Auteur : Philippe Haudr\u00e8re<br>Copyright Clio 2013<\/p>\n\n\n\n<p class=\"has-small-font-size\"><strong><strong>Questionnaire : peinture de Br\u00e2hma<\/strong><\/strong><br>https:\/\/upload.wikimedia.org\/wikipedia\/commons\/thumb\/e\/e4\/Brahma_on_hamsa.jpg\/800px-Brahma_on_hamsa.jpg<br>Auteur : Inconnu<br>Domaine public<\/p>\n\n\n\n<p class=\"has-small-font-size\"><strong><strong>Questionnaire : Statue de Vishnou, avec la massue, le disque, la conque et le lotus<\/strong><\/strong><br>https:\/\/upload.wikimedia.org\/wikipedia\/commons\/thumb\/1\/14\/Vishnu_and_his_Avatars.jpg\/800px-Vishnu_and_his_Avatars.jpg <br>Auteur : Redtigerxyz<br>CC BY 2.0<\/p>\n\n\n\n<p class=\"has-small-font-size\"><strong><strong>Questionnaire : repr\u00e9sentation de Shiva<\/strong><\/strong><br>https:\/\/cdn.pixabay.com\/photo\/2016\/11\/05\/16\/54\/lord-shiva-1800672_960_720.jpg <br>Auteur : Sarangib<br>Licence Pixabay <\/p>\n\n\n\n<p class=\"has-small-font-size\"><strong><strong>Explications sur les temples hindous : photographie du temple de Shiva \u00e0 Gwalior<\/strong><\/strong><br>https:\/\/upload.wikimedia.org\/wikipedia\/commons\/thumb\/1\/1d\/Teli_ka_Mandir_%2815699755834%292.jpg\/415px-Teli_ka_Mandir_%2815699755834%292.jpg <br>Auteur : Ismoon<br>CC BY-SA<\/p>\n\n\n\n<p class=\"has-small-font-size\"><strong><strong>Activit\u00e9 du puzzle en 3D : vid\u00e9o \u00ab\u00a0Pocket World 3D trailer\u00a0\u00bb<\/strong><\/strong><br>https:\/\/youtu.be\/tAEj9JgKAK0 <br>Auteur : application \u00e9dit\u00e9e par Minimonster game limited (d\u00e9veloppeur chinois). <br>Cr\u00e9dit : Inconnu<\/p>\n\n\n\n<p class=\"has-small-font-size\"><strong><strong>Activit\u00e9 du puzzle en 3D : aper\u00e7u d&rsquo;un mod\u00e8le 3D d&rsquo;un temple bouddhiste<\/strong><\/strong><br>https:\/\/free3d.com\/fr\/3d-model\/asian-temple-2827.html<br>Auteur : LemmoLab<br>Cr\u00e9dit : Inconnu<\/p>\n\n\n\n<p class=\"has-small-font-size\"><strong><strong>Explications sur les processions : photographie d&rsquo;un char de procession de 1855<\/strong><\/strong><br>https:\/\/upload.wikimedia.org\/wikipedia\/commons\/9\/98\/Banashankari_Car.jpg<br>Auteur : Thomas Biggs<br>Domaine public<\/p>\n\n\n\n<p class=\"has-small-font-size\"><strong><strong>Jeu sur les processions : photographie d&rsquo;un char de procession de Kumbakonam<\/strong><\/strong><br>https:\/\/upload.wikimedia.org\/wikipedia\/commons\/b\/b9\/Ratha.jpg<br>Auteur : Inconnu<br>CC BY-SA<\/p>\n\n\n\n<p class=\"has-small-font-size\"><strong><strong>Jeu sur les processions : photographie d&rsquo;un char de procession de Salem<\/strong><\/strong><br>https:\/\/upload.wikimedia.org\/wikipedia\/commons\/thumb\/b\/b5\/Chariot_of_ChinnaThirupati.JPG\/1024px-Chariot_of_ChinnaThirupati.JPG <br>Auteur : Thiagupillai<br>CC BY-SA<\/p>\n","protected":false},"excerpt":{"rendered":"<p>La collection du Monde Indien couvre une zone g\u00e9ographique plus large que l&rsquo;Etat actuel de l&rsquo;Inde : l&rsquo;Inde, le Pakistan et l&rsquo;Afghanistan. Ce module se centre sur un des th\u00e8mes communs aux \u0153uvres expos\u00e9es de cette zone, les pratiques religieuses. Objectifs et caract\u00e9ristiques Ce module sur le Monde Indien, sur le m\u00eame principe que l&rsquo;ensemble [&hellip;]<\/p>\n","protected":false},"author":3,"featured_media":0,"parent":79,"menu_order":0,"comment_status":"closed","ping_status":"closed","template":"","meta":[],"_links":{"self":[{"href":"https:\/\/serviteur.fr\/museum\/wp-json\/wp\/v2\/pages\/720"}],"collection":[{"href":"https:\/\/serviteur.fr\/museum\/wp-json\/wp\/v2\/pages"}],"about":[{"href":"https:\/\/serviteur.fr\/museum\/wp-json\/wp\/v2\/types\/page"}],"author":[{"embeddable":true,"href":"https:\/\/serviteur.fr\/museum\/wp-json\/wp\/v2\/users\/3"}],"replies":[{"embeddable":true,"href":"https:\/\/serviteur.fr\/museum\/wp-json\/wp\/v2\/comments?post=720"}],"version-history":[{"count":86,"href":"https:\/\/serviteur.fr\/museum\/wp-json\/wp\/v2\/pages\/720\/revisions"}],"predecessor-version":[{"id":2310,"href":"https:\/\/serviteur.fr\/museum\/wp-json\/wp\/v2\/pages\/720\/revisions\/2310"}],"up":[{"embeddable":true,"href":"https:\/\/serviteur.fr\/museum\/wp-json\/wp\/v2\/pages\/79"}],"wp:attachment":[{"href":"https:\/\/serviteur.fr\/museum\/wp-json\/wp\/v2\/media?parent=720"}],"curies":[{"name":"wp","href":"https:\/\/api.w.org\/{rel}","templated":true}]}}