{"id":69,"date":"2020-11-27T19:37:29","date_gmt":"2020-11-27T18:37:29","guid":{"rendered":"http:\/\/serviteur.fr\/museum\/?page_id=69"},"modified":"2021-01-10T20:34:48","modified_gmt":"2021-01-10T19:34:48","slug":"analyse-de-public","status":"publish","type":"page","link":"https:\/\/serviteur.fr\/museum\/analyses\/analyse-de-public\/","title":{"rendered":"Analyse des publics"},"content":{"rendered":"\n<h1 class=\"has-text-align-left\"><span class=\"ez-toc-section\" id=\"Introduction\"><\/span>Introduction<span class=\"ez-toc-section-end\"><\/span><\/h1>\n\n\n\n<p><strong>Dans le but d\u2019affiner la connaissance des publics actuels ou potentiels (en termes de profil, de pratiques et de comportements, de valeurs et d\u2019opinions\u2026)&nbsp;; de b\u00e9n\u00e9ficier d\u2019\u00e9l\u00e9ments sur l\u2019exp\u00e9rience des visiteurs dans des expositions, face \u00e0 des dispositifs et\/ou des actions engag\u00e9es ou envisag\u00e9es&nbsp;; de suivre des \u00e9volutions dans le temps et de contribuer \u00e0 la prise de d\u00e9cision, une analyse des publics s\u2019av\u00e8re indispensable.<\/strong><\/p>\n\n\n\n<p>Si l\u2019on souhaite obtenir des informations sur la fr\u00e9quentation d\u2019un \u00e9tablissement ou sur la structure des publics, il nous faut donc commencer par s\u2019int\u00e9resser aux sources d\u2019information d\u00e9j\u00e0 disponibles et exploitables. Malheureusement le <em>Mus\u00e9e Georges Labit<\/em> dispose de <strong>peu de donn\u00e9es<\/strong> et n&rsquo;a actuellement jamais men\u00e9 d&rsquo;\u00e9tude pr\u00e9cise d&rsquo;analyse de ses publics. <\/p>\n\n\n\n<p>Cependant, <strong>H\u00e9l\u00e8ne Poque<\/strong>, charg\u00e9e du service des publics et notre interlocutrice privil\u00e9gi\u00e9e pour concevoir ce dispositif, nous a fourni quelques informations. Nous avons aussi contact\u00e9 la <strong>mairie de Toulouse<\/strong> (<a href=\"mailto:severine.campourcy@toulouse-metropole.fr\">severine.campourcy@toulouse-metropole.fr<\/a>) et l\u2019<strong>Observatoire des Politiques Culturelles<\/strong> (<a href=\"mailto:contact@observatoire-culture.net\">contact@observatoire-culture.net<\/a>) afin d\u2019avoir des donn\u00e9es plus globales sur les publics des mus\u00e9es de la ville de Toulouse. Nous nous sommes aussi bas\u00e9s sur le travail r\u00e9alis\u00e9 par l\u2019<em>Institut d\u2019\u00c9tudes politiques de Toulouse<\/em> en <strong>2015. <\/strong><\/p>\n\n\n\n<p>Nous avons \u00e9galement eu le souhait (avec l\u2019ensemble des groupes du Master 1 travaillant sur le Mus\u00e9e Georges-Labit), de proposer un <strong>nouveau questionnaire<\/strong>, r\u00e9alis\u00e9 avec <em>Google Form<\/em> afin de recueillir de nouvelles r\u00e9ponses, plus ax\u00e9es sur les pratiques num\u00e9riques mus\u00e9ales des visiteurs. Le Mus\u00e9e Georges Labit est en effet \u00e0 l\u2019or\u00e9e d\u2019un projet de restructuration d\u2019envergure, et dans ce contexte, il \u00e9tudie des <strong>projets de m\u00e9diation num\u00e9rique inclusifs<\/strong> qui r\u00e9pondent \u00e0 la demande des visiteurs, c\u2019est-\u00e0-dire qui permettent de contextualiser les objets expos\u00e9s tout en fournissant du contenu informatif qualitatif relatif \u00e0 leur origine et leur histoire. Dans cette optique nous avions donc la volont\u00e9 de proposer une sorte de mise \u00e0 jour de l\u2019analyse faite en 2015-2016. En effet, m\u00eame si le public peut sensiblement \u00eatre le m\u00eame, les pratiques ont pu \u00e9voluer ces cinq derni\u00e8res ann\u00e9es. De plus, outre l\u2019int\u00e9r\u00eat de conna\u00eetre les publics du Mus\u00e9e Georges-Labit, nos questionnements se tournent sur <strong>les pratiques des visiteurs, leur rapport au num\u00e9rique, leurs attentes<\/strong>. Nos objectifs n\u2019\u00e9tant pas les m\u00eames que ceux de l\u2019Institut d\u2019\u00c9tudes politiques de Toulouse en 2015, nous avons donc (avec l\u2019ensemble des groupes travaillant sur le mus\u00e9e Georges Labit), propos\u00e9 un nouveau questionnaire.<\/p>\n\n\n\n<p>Celui-ci comporte cependant <strong>ses limites<\/strong>&nbsp;: c\u2019est un questionnaire num\u00e9rique (il ne repr\u00e9sente donc pas tous les publics et fausse nos r\u00e9sultats sur les pratiques du num\u00e9rique), partag\u00e9 sur Facebook et envoy\u00e9 par la newsletter d\u00e9but d\u00e9cembre (donc adress\u00e9 \u00e0 un public pr\u00e9cis et d\u00e9j\u00e0 cibl\u00e9). La p\u00e9riode de diffusion du questionnaire a donc \u00e9t\u00e9 plus courte que nous l&rsquo;aurions souhait\u00e9, de l&rsquo;ordre de un mois, (une \u00e9tude classique d&rsquo;analyse des publics s&rsquo;\u00e9tant sur des p\u00e9riodes beaucoup plus longues). S\u2019ajoutent \u00e0 cette limite des contraintes logistiques : nous aurions souhait\u00e9 interroger et r\u00e9colter des r\u00e9ponses directement sur place aupr\u00e8s des visiteurs du mus\u00e9e sur plusieurs journ\u00e9es, mais le mus\u00e9e \u00e9tait ferm\u00e9 et des d\u00e9lais suppl\u00e9mentaires s&rsquo;ajoutaient pour obtenir les autorisations de mener cette \u00e9tude sur place.<\/p>\n\n\n\n<h1 class=\"has-text-align-left\"><span class=\"ez-toc-section\" id=\"Analyse_de_l%E2%80%99Institut_d%E2%80%99etudes_politiques_de_Toulouse_2015\"><\/span>Analyse de l&rsquo;Institut d&rsquo;\u00e9tudes politiques de Toulouse 2015<span class=\"ez-toc-section-end\"><\/span><\/h1>\n\n\n\n<h2><span class=\"ez-toc-section\" id=\"La_methode\"><\/span><strong>La m\u00e9thode<\/strong><span class=\"ez-toc-section-end\"><\/span><\/h2>\n\n\n\n<ul><li><strong>Des observations participatives<\/strong><\/li><li><strong>Des entretiens semi\u00ad-directifs<\/strong> r\u00e9alis\u00e9s avec l\u2019\u00e9quipe du service des publics (au nombre de deux) ainsi qu\u2019avec le 25<sup>e<\/sup> adjoint au Maire en charge des mus\u00e9es et de l\u2019art contemporain, M. Esplugas&nbsp;(faute de temps, ils n&rsquo;ont pu s&rsquo;entretenir avec le conservateur du mus\u00e9e, Francis Saint-Genez).<\/li><li><strong>Un questionnaire<\/strong>, compos\u00e9 de 21 questions dont 6 ouvertes, ax\u00e9es sur l\u2019analyse des publics, mais \u00e9galement sur les pratiques culturelles, les centres d\u2019int\u00e9r\u00eats et la motivation de se rendre au mus\u00e9e. Seules 70 r\u00e9ponses ont \u00e9t\u00e9 recueillies, par manque de temps. Ces questions leur ont cependant permis d\u2019obtenir des informations sur la situation personnelle, familiale, professionnelle et g\u00e9ographique des enqu\u00eat\u00e9s, en plus de leurs pratiques mus\u00e9ales. <\/li><\/ul>\n\n\n\n<h2><span class=\"ez-toc-section\" id=\"Les_resultats\"><\/span><strong>Les r\u00e9sultats<\/strong><span class=\"ez-toc-section-end\"><\/span><\/h2>\n\n\n\n<div class=\"wp-block-image\"><figure class=\"aligncenter size-full\"><img loading=\"lazy\" width=\"800\" height=\"2000\" src=\"https:\/\/serviteur.fr\/museum\/wp-content\/uploads\/2021\/01\/Lieux-de-residence-des-enquetes-3.png\" alt=\"\" class=\"wp-image-1916\" srcset=\"https:\/\/serviteur.fr\/museum\/wp-content\/uploads\/2021\/01\/Lieux-de-residence-des-enquetes-3.png 800w, https:\/\/serviteur.fr\/museum\/wp-content\/uploads\/2021\/01\/Lieux-de-residence-des-enquetes-3-120x300.png 120w, https:\/\/serviteur.fr\/museum\/wp-content\/uploads\/2021\/01\/Lieux-de-residence-des-enquetes-3-410x1024.png 410w, https:\/\/serviteur.fr\/museum\/wp-content\/uploads\/2021\/01\/Lieux-de-residence-des-enquetes-3-768x1920.png 768w, https:\/\/serviteur.fr\/museum\/wp-content\/uploads\/2021\/01\/Lieux-de-residence-des-enquetes-3-614x1536.png 614w\" sizes=\"(max-width: 800px) 100vw, 800px\" \/><\/figure><\/div>\n\n\n\n<h1 class=\"has-text-align-left\"><span class=\"ez-toc-section\" id=\"Retours_d%E2%80%99Helene_Poque\"><\/span>Retours d&rsquo;H\u00e9l\u00e8ne Poque<span class=\"ez-toc-section-end\"><\/span><\/h1>\n\n\n\n<p>H\u00e9l\u00e8ne Poque n&rsquo;a malheureusement pas acc\u00e8s \u00e0 beaucoup de donn\u00e9es. Voici n\u00e9anmoins ce qu&rsquo;elle a pu partager avec nous : <\/p>\n\n\n\n<figure class=\"wp-block-image size-large\"><img loading=\"lazy\" width=\"1024\" height=\"576\" src=\"https:\/\/serviteur.fr\/museum\/wp-content\/uploads\/2021\/01\/003_2-1024x576.jpg\" alt=\"\" class=\"wp-image-1002\" srcset=\"https:\/\/serviteur.fr\/museum\/wp-content\/uploads\/2021\/01\/003_2-1024x576.jpg 1024w, https:\/\/serviteur.fr\/museum\/wp-content\/uploads\/2021\/01\/003_2-300x169.jpg 300w, https:\/\/serviteur.fr\/museum\/wp-content\/uploads\/2021\/01\/003_2-768x432.jpg 768w, https:\/\/serviteur.fr\/museum\/wp-content\/uploads\/2021\/01\/003_2-1536x864.jpg 1536w, https:\/\/serviteur.fr\/museum\/wp-content\/uploads\/2021\/01\/003_2-2048x1152.jpg 2048w\" sizes=\"(max-width: 1024px) 100vw, 1024px\" \/><\/figure>\n\n\n\n<h1 class=\"has-text-align-left\"><span class=\"ez-toc-section\" id=\"Le_livre_d%E2%80%99or\"><\/span>Le livre d&rsquo;or<span class=\"ez-toc-section-end\"><\/span><\/h1>\n\n\n\n<p><strong>Ce qu\u2019il faut retenir du livre d\u2019or :<\/strong><\/p>\n\n\n\n<figure class=\"wp-block-image size-large is-resized\"><img loading=\"lazy\" src=\"https:\/\/serviteur.fr\/museum\/wp-content\/uploads\/2021\/01\/001_01-1024x576.jpg\" alt=\"\" class=\"wp-image-971\" width=\"973\" height=\"548\" srcset=\"https:\/\/serviteur.fr\/museum\/wp-content\/uploads\/2021\/01\/001_01-1024x576.jpg 1024w, https:\/\/serviteur.fr\/museum\/wp-content\/uploads\/2021\/01\/001_01-300x169.jpg 300w, https:\/\/serviteur.fr\/museum\/wp-content\/uploads\/2021\/01\/001_01-768x432.jpg 768w, https:\/\/serviteur.fr\/museum\/wp-content\/uploads\/2021\/01\/001_01-1536x864.jpg 1536w, https:\/\/serviteur.fr\/museum\/wp-content\/uploads\/2021\/01\/001_01-2048x1152.jpg 2048w\" sizes=\"(max-width: 973px) 100vw, 973px\" \/><\/figure>\n\n\n\n<h1 class=\"has-text-align-left\"><span class=\"ez-toc-section\" id=\"Le_questionnaire_numerique\"><\/span>Le questionnaire num\u00e9rique<span class=\"ez-toc-section-end\"><\/span><\/h1>\n\n\n\n<figure class=\"wp-block-image size-full\"><img loading=\"lazy\" width=\"1492\" height=\"2979\" src=\"https:\/\/serviteur.fr\/museum\/wp-content\/uploads\/2021\/01\/questionnaire.png\" alt=\"\" class=\"wp-image-2077\" srcset=\"https:\/\/serviteur.fr\/museum\/wp-content\/uploads\/2021\/01\/questionnaire.png 1492w, https:\/\/serviteur.fr\/museum\/wp-content\/uploads\/2021\/01\/questionnaire-150x300.png 150w, https:\/\/serviteur.fr\/museum\/wp-content\/uploads\/2021\/01\/questionnaire-513x1024.png 513w, https:\/\/serviteur.fr\/museum\/wp-content\/uploads\/2021\/01\/questionnaire-768x1533.png 768w, https:\/\/serviteur.fr\/museum\/wp-content\/uploads\/2021\/01\/questionnaire-769x1536.png 769w, https:\/\/serviteur.fr\/museum\/wp-content\/uploads\/2021\/01\/questionnaire-1026x2048.png 1026w\" sizes=\"(max-width: 1492px) 100vw, 1492px\" \/><\/figure>\n\n\n\n<p><a href=\"https:\/\/serviteur.fr\/museum\/plus-de-details\/\" data-type=\"URL\">Cliquez ici pour plus de d\u00e9tails sur les r\u00e9sultats<\/a>.<\/p>\n\n\n\n<h1 class=\"has-text-align-left\"><span class=\"ez-toc-section\" id=\"Analyse_croisee\"><\/span>Analyse crois\u00e9e<span class=\"ez-toc-section-end\"><\/span><\/h1>\n\n\n\n<div class=\"wp-block-image\"><figure class=\"aligncenter size-full\"><img loading=\"lazy\" width=\"1500\" height=\"2638\" src=\"https:\/\/serviteur.fr\/museum\/wp-content\/uploads\/2021\/01\/ANALYSE-CROISEE.png\" alt=\"\" class=\"wp-image-1973\" srcset=\"https:\/\/serviteur.fr\/museum\/wp-content\/uploads\/2021\/01\/ANALYSE-CROISEE.png 1500w, https:\/\/serviteur.fr\/museum\/wp-content\/uploads\/2021\/01\/ANALYSE-CROISEE-171x300.png 171w, https:\/\/serviteur.fr\/museum\/wp-content\/uploads\/2021\/01\/ANALYSE-CROISEE-582x1024.png 582w, https:\/\/serviteur.fr\/museum\/wp-content\/uploads\/2021\/01\/ANALYSE-CROISEE-768x1351.png 768w, https:\/\/serviteur.fr\/museum\/wp-content\/uploads\/2021\/01\/ANALYSE-CROISEE-873x1536.png 873w, https:\/\/serviteur.fr\/museum\/wp-content\/uploads\/2021\/01\/ANALYSE-CROISEE-1165x2048.png 1165w\" sizes=\"(max-width: 1500px) 100vw, 1500px\" \/><\/figure><\/div>\n","protected":false},"excerpt":{"rendered":"<p>Introduction Dans le but d\u2019affiner la connaissance des publics actuels ou potentiels (en termes de profil, de pratiques et de comportements, de valeurs et d\u2019opinions\u2026)&nbsp;; de b\u00e9n\u00e9ficier d\u2019\u00e9l\u00e9ments sur l\u2019exp\u00e9rience des visiteurs dans des expositions, face \u00e0 des dispositifs et\/ou des actions engag\u00e9es ou envisag\u00e9es&nbsp;; de suivre des \u00e9volutions dans le temps et de contribuer [&hellip;]<\/p>\n","protected":false},"author":1,"featured_media":0,"parent":64,"menu_order":0,"comment_status":"closed","ping_status":"closed","template":"","meta":[],"_links":{"self":[{"href":"https:\/\/serviteur.fr\/museum\/wp-json\/wp\/v2\/pages\/69"}],"collection":[{"href":"https:\/\/serviteur.fr\/museum\/wp-json\/wp\/v2\/pages"}],"about":[{"href":"https:\/\/serviteur.fr\/museum\/wp-json\/wp\/v2\/types\/page"}],"author":[{"embeddable":true,"href":"https:\/\/serviteur.fr\/museum\/wp-json\/wp\/v2\/users\/1"}],"replies":[{"embeddable":true,"href":"https:\/\/serviteur.fr\/museum\/wp-json\/wp\/v2\/comments?post=69"}],"version-history":[{"count":47,"href":"https:\/\/serviteur.fr\/museum\/wp-json\/wp\/v2\/pages\/69\/revisions"}],"predecessor-version":[{"id":2079,"href":"https:\/\/serviteur.fr\/museum\/wp-json\/wp\/v2\/pages\/69\/revisions\/2079"}],"up":[{"embeddable":true,"href":"https:\/\/serviteur.fr\/museum\/wp-json\/wp\/v2\/pages\/64"}],"wp:attachment":[{"href":"https:\/\/serviteur.fr\/museum\/wp-json\/wp\/v2\/media?parent=69"}],"curies":[{"name":"wp","href":"https:\/\/api.w.org\/{rel}","templated":true}]}}