{"id":67,"date":"2020-11-27T19:37:00","date_gmt":"2020-11-27T18:37:00","guid":{"rendered":"http:\/\/serviteur.fr\/museum\/?page_id=67"},"modified":"2021-01-10T19:39:07","modified_gmt":"2021-01-10T18:39:07","slug":"analyse-institutionnelle","status":"publish","type":"page","link":"https:\/\/serviteur.fr\/museum\/analyses\/analyse-institutionnelle\/","title":{"rendered":"Analyse institutionnelle"},"content":{"rendered":"\n<h1><span class=\"ez-toc-section\" id=\"Historique_du_musee\"><\/span><strong>Historique du mus\u00e9e<\/strong><span class=\"ez-toc-section-end\"><\/span><\/h1>\n\n\n\n<p>Le Mus\u00e9e Georges-Labit est le mus\u00e9e des arts d\u2019Asie et de l\u2019Egypte antique de Toulouse. Il est actuellement dirig\u00e9 par Francis Saint-Genez, conservateur.<\/p>\n\n\n\n<p><strong>Fond\u00e9 \u00e0 Toulouse en 1893<\/strong> par Georges Labit (1862-1899), voyageur passionn\u00e9 d\u2019histoire de l\u2019art, d\u2019ethnologie et d\u2019histoire des religions, le mus\u00e9e regroupe des collections de pi\u00e8ces rapport\u00e9es lors de ses voyages en Asie et en Extr\u00eame-Orient. L\u2019\u00e9difice, con\u00e7u par l\u2019architecte toulousain Jules Calbairac (1857-1935) \u00e0 la demande de Georges Labit, pr\u00e9sente une architecture d\u2019inspiration mauresque, dans le style des villas exotiques alors \u00e0 la mode depuis les ann\u00e9es 1860, dans la vague de l&rsquo;<a href=\"https:\/\/fr.wikipedia.org\/wiki\/Orientalisme\">orientalisme<\/a> qui passionnait alors l&rsquo;\u00e9lite occidentale. Georges Labit fit de nombreux voyages pour choisir son dispositif mus\u00e9ographique, et le choix du style dans lequel b\u00e2tir et signifier le contenu d\u00e8s l&rsquo;ext\u00e9rieur, fut pour lui un choix r\u00e9v\u00e9lateur de son ambition et de la coh\u00e9rence de son projet. On peut parler dans ce cas pr\u00e9cis d&rsquo;une utilisation d\u00e9lib\u00e9r\u00e9e de cette typologie de l&rsquo;\u00e9clectisme qui s&rsquo;est mise en place \u00e0 la fin du si\u00e8cle : le style n\u00e9o-mauresque, selon une formule d&rsquo;\u00e9clectisme orientalisant, ne peut que convenir \u00e0 une demeure abritant une collection d&rsquo;art asiatique. Le b\u00e2timent est actuellement en cours d\u2019inscription sur la liste des Monuments Historiques et est construit dans un espace de verdure que Georges Labit agr\u00e9mente en jardin botanique. Celui-ci regroupe un ensemble de plantes asiatiques et m\u00e9diterran\u00e9ennes.<\/p>\n\n\n\n<p>Georges Labit avait entrepris de faire un mus\u00e9e pour ses contemporains et pour les g\u00e9n\u00e9rations futures. Ses collections \u00e9voquent les cultures anciennes (jusqu&rsquo;au XIX<sup>e<\/sup> si\u00e8cle) par les arts de l&rsquo;<a href=\"https:\/\/fr.wikipedia.org\/wiki\/Art_indien\">Inde<\/a>, du <a href=\"https:\/\/fr.wikipedia.org\/wiki\/Pakistan\">Pakistan<\/a> et de l&rsquo;<a href=\"https:\/\/fr.wikipedia.org\/wiki\/Afghanistan\">Afghanistan<\/a>, l&rsquo;ancien <a href=\"https:\/\/fr.wikipedia.org\/wiki\/Vi%C3%AAt_Nam\">Vi\u00eat Nam<\/a> (<a href=\"https:\/\/fr.wikipedia.org\/wiki\/Champ%C3%A2\">Champ\u00e2<\/a> et <a href=\"https:\/\/fr.wikipedia.org\/wiki\/Annam\">Annam<\/a>), l&rsquo;ancienne <a href=\"https:\/\/fr.wikipedia.org\/wiki\/Tha%C3%AFlande\">Tha\u00eflande<\/a> (le <a href=\"https:\/\/fr.wikipedia.org\/wiki\/Siam\">Siam<\/a>), le <a href=\"https:\/\/fr.wikipedia.org\/wiki\/Laos\">Laos<\/a>, <a href=\"https:\/\/fr.wikipedia.org\/wiki\/Java_(%C3%AEle)\">Java<\/a>, le <a href=\"https:\/\/fr.wikipedia.org\/wiki\/N%C3%A9pal\">N\u00e9pal<\/a>, l&rsquo;<a href=\"https:\/\/fr.wikipedia.org\/wiki\/Art_tib%C3%A9tain\">art tib\u00e9tain<\/a> et l&rsquo;<a href=\"https:\/\/fr.wikipedia.org\/wiki\/Art_chinois\">art chinois<\/a>, enfin l&rsquo;<a href=\"https:\/\/fr.wikipedia.org\/wiki\/Art_japonais\">art japonais<\/a>. Ces objets ont \u00e9t\u00e9 choisis, dans un premier temps par Georges Labit, pour leurs qualit\u00e9s esth\u00e9tiques et afin d&rsquo;\u00e9voquer de mani\u00e8re exemplaire les cultures anciennes de ces pays d&rsquo;Asie et d&rsquo;Extr\u00eame-Orient. Pour cette raison ils sont regroup\u00e9s avec des objets pr\u00e9sentant les m\u00eames qualit\u00e9s mais provenant d&rsquo;<a href=\"https:\/\/fr.wikipedia.org\/wiki\/%C3%89gypte_antique\">\u00c9gypte antique<\/a> dont un rare ensemble d&rsquo;objets <a href=\"https:\/\/fr.wikipedia.org\/wiki\/Coptes\">coptes<\/a>.<\/p>\n\n\n\n<p>Georges Labit d\u00e9c\u00e8de pr\u00e9matur\u00e9ment \u00e0 l\u2019\u00e2ge de 37 ans en 1899. Le mus\u00e9e devient d\u00e8s lors la propri\u00e9t\u00e9 de son p\u00e8re et sera ensuite l\u00e9gu\u00e9 \u00e0 la ville de Toulouse \u00e0 sa mort, en<strong> 1912<\/strong>.<\/p>\n\n\n\n<p>\u00c0 partir des ann\u00e9es <strong>1930<\/strong>, le mus\u00e9e Georges Labit oriente d\u00e9finitivement ses collections vers les arts d\u2019Asie. En 1948, \u00e0 l\u2019occasion d\u2019une nouvelle r\u00e9partition des collections municipales, le mus\u00e9e re\u00e7oit d\u2019autres pi\u00e8ces asiatiques ainsi que la collection \u00e9gyptienne issue des collections municipales, de d\u00e9p\u00f4ts de l\u2019\u00c9tat, de nombreux dons provenant de collectionneurs priv\u00e9s et d\u2019acquisitions r\u00e9alis\u00e9es par les conservateurs successifs.<\/p>\n\n\n\n<p>Le mus\u00e9e conserve actuellement une des plus belles collections fran\u00e7aises d\u2019art oriental ainsi qu\u2019une collection d\u2019antiquit\u00e9s \u00e9gyptiennes (lesquelles seront, \u00e0 terme, redistribu\u00e9es au sein des collections municipales), ce qui en fait l&rsquo;un des plus anciens mus\u00e9es d&rsquo;Arts asiatiques de France.<\/p>\n\n\n\n<p><strong>Sources :<\/strong> <\/p>\n\n\n\n<ul><li><a href=\"https:\/\/fr.wikipedia.org\/wiki\/Mus%C3%A9e_Georges-Labit\">Wikipedia: Mus\u00e9e Georges Labit<\/a><\/li><li><a href=\"https:\/\/www.museegeorgeslabit.fr\/musee\/\">Mus\u00e9e Georges Labit: Pr\u00e9sentation du mus\u00e9e<\/a><\/li><\/ul>\n\n\n\n<p>Moodle : <a href=\"https:\/\/moodle.univ-montp3.fr\/course\/view.php?id=1972#section-2\" data-type=\"URL\" data-id=\"https:\/\/moodle.univ-montp3.fr\/course\/view.php?id=1972#section-2\">Dispositif de m\u00e9diation culturelle num\u00e9rique volet mus\u00e9e : Note de cadrage &#8211; Mus\u00e9e Georges Labit<\/a><\/p>\n\n\n\n<h1><span class=\"ez-toc-section\" id=\"Statut_juridique\"><\/span><strong>Statut juridique<\/strong><span class=\"ez-toc-section-end\"><\/span><\/h1>\n\n\n\n<p>Le mus\u00e9e Georges-Labit, situ\u00e9 17 rue du Japon, est propri\u00e9t\u00e9 de la commune de Toulouse, ce qui en fait <strong>un mus\u00e9e municipal<\/strong>, d\u00e9pendant de la mairie de Toulouse. Depuis 2018, cinq mus\u00e9es municipaux de la ville de Toulouse (MSR, Augustins, Matou, Dupuy, Labit) et le couvent des Jacobins sont regroup\u00e9s en Direction des mus\u00e9es de la ville de Toulouse, devenu depuis la Direction des Mus\u00e9es et des Monuments.<\/p>\n\n\n\n<p>Le mus\u00e9e Georges-Labit b\u00e9n\u00e9ficie (comme plusieurs centaines de mus\u00e9es en France, comme les mus\u00e9es nationaux et mus\u00e9es de collectivit\u00e9s territoriales ou d\u2019associations) du soutien d\u2019une <strong>association<\/strong>. En effet, l\u2019Association des Amis du Mus\u00e9e Georges-Labit <em>(Association des Amis du Mus\u00e9e Georges-Labit, 189, avenue Jean Rieux, 31500 TOULOUSE 05&nbsp;61&nbsp;80&nbsp;22&nbsp;60, amismuseegeorgeslabit@orange.fr)<\/em>, cr\u00e9\u00e9e en 1994, a pour objet de favoriser l\u2019initiation et une meilleure connaissance des arts et civilisations de l\u2019Orient, de faire conna\u00eetre le mus\u00e9e Georges-Labit, d\u2019\u00e9tudier et d\u2019enrichir ses collections ainsi que sa biblioth\u00e8que. Pour cela, l\u2019association organise des conf\u00e9rences (ouvertes \u00e0 tous), des \u00e9tudes au mus\u00e9e Georges-Labit, des visites d\u2019expositions et de d&rsquo;autres mus\u00e9es, des sorties et voyages en France et \u00e0 l\u2019\u00e9tranger (r\u00e9serv\u00e9s \u00e0 ses adh\u00e9rents).<\/p>\n\n\n\n<p><strong>Sources : <\/strong><\/p>\n\n\n\n<ul><li><a href=\"https:\/\/www.culture.gouv.fr\/Sites-thematiques\/Musees\/Ressources\/Dico-des-musees\" target=\"_blank\" rel=\"noreferrer noopener\">Minist\u00e8re de la culture: Dico des mus\u00e9es<\/a><\/li><li><a href=\"https:\/\/www.pop.culture.gouv.fr\/notice\/merimee\/IA31110776\" target=\"_blank\" rel=\"noreferrer noopener\">Minist\u00e8re de la culture: Plateforme ouverte du patrimoine<\/a><\/li><li><a href=\"https:\/\/www.museegeorgeslabit.fr\/association\/\" target=\"_blank\" rel=\"noreferrer noopener\">Mus\u00e9e Georges Labit: L\u2019association des Amis du mus\u00e9e&nbsp;Georges\u2011Labit<\/a> <\/li><\/ul>\n\n\n\n<h1><span class=\"ez-toc-section\" id=\"Organisation_interne\"><\/span><strong>Organisation interne<\/strong><span class=\"ez-toc-section-end\"><\/span><\/h1>\n\n\n\n<p>Le service des publics, la programmation et la communication et la conservation des objets sont des services mutualis\u00e9s entre les structures des mus\u00e9es Paul-Dupuy (mus\u00e9e des Arts Pr\u00e9cieux) et Georges-Labit. <\/p>\n\n\n\n<p>Le service des publics, avec qui nous avons \u00e9t\u00e9 directement en contact pour concevoir ce dispositif de m\u00e9diation num\u00e9rique, a \u00e9t\u00e9 cr\u00e9\u00e9 en <strong>2006 <\/strong>et s&rsquo;est structur\u00e9 progressivement : par le recrutement d&rsquo;une charg\u00e9e de m\u00e9diation, communication et programmation en 2011 ; d&rsquo;une charg\u00e9e des publics, de l&rsquo;animation et de l&rsquo;accessibilit\u00e9 des publics (H\u00e9l\u00e8ne Poque) en 2014 ; et de l&rsquo;int\u00e9gration de deux guides conf\u00e9renci\u00e8res (Agn\u00e8s Baboul\u00e8ne et Marielle Nic\u00e9phor) en 2018. Le service des publics se compose actuellement de quatre personnes. <\/p>\n\n\n\n<div class=\"wp-block-file\"><a href=\"https:\/\/serviteur.fr\/museum\/wp-content\/uploads\/2021\/01\/Organigramme.pdf\">Organigramme des mus\u00e9es Paul-Dupuy (MPD) et Georges-Labit (MGL)<\/a><a href=\"https:\/\/serviteur.fr\/museum\/wp-content\/uploads\/2021\/01\/Organigramme.pdf\" class=\"wp-block-file__button\" download>T\u00e9l\u00e9charger<\/a><\/div>\n\n\n\n<p><br><strong>Source :<\/strong> Valise num\u00e9rique : Documentation sur la collection et le mus\u00e9e : Organigramme.pdf + Rapide historique du Service des Publics.pdf<\/p>\n\n\n\n<h1><span class=\"ez-toc-section\" id=\"Politique_tarifaire\"><\/span><strong>Politique tarifaire<\/strong><span class=\"ez-toc-section-end\"><\/span><\/h1>\n\n\n\n<div class=\"wp-block-image\"><figure class=\"aligncenter size-large is-resized\"><img loading=\"lazy\" src=\"https:\/\/serviteur.fr\/museum\/wp-content\/uploads\/2021\/01\/Analyse-2.png\" alt=\"\" class=\"wp-image-1800\" width=\"860\" height=\"475\" srcset=\"https:\/\/serviteur.fr\/museum\/wp-content\/uploads\/2021\/01\/Analyse-2.png 937w, https:\/\/serviteur.fr\/museum\/wp-content\/uploads\/2021\/01\/Analyse-2-300x166.png 300w, https:\/\/serviteur.fr\/museum\/wp-content\/uploads\/2021\/01\/Analyse-2-768x425.png 768w\" sizes=\"(max-width: 860px) 100vw, 860px\" \/><\/figure><\/div>\n\n\n\n<p><strong>Source :<\/strong> <a rel=\"noreferrer noopener\" href=\"https:\/\/www.museegeorgeslabit.fr\/contact\/tarifs\/\" target=\"_blank\">Mus\u00e9e Georqe Labit : Tarifs<\/a><\/p>\n\n\n\n<h1><span class=\"ez-toc-section\" id=\"Budget\"><\/span><strong>Budget<\/strong><span class=\"ez-toc-section-end\"><\/span><\/h1>\n\n\n\n<h2><span class=\"ez-toc-section\" id=\"De_2006_a_2012\"><\/span>De 2006 \u00e0 2012 :<span class=\"ez-toc-section-end\"><\/span><\/h2>\n\n\n\n<ul><li>Budget annuel moyen des acquisitions&nbsp;: 4000&nbsp;\u20ac<\/li><li>Nombres de titres achet\u00e9s&nbsp;: 707<\/li><li>Nombres de titres entr\u00e9s dans les collections \u00e0 titre gracieux (dons, legs, \u00e9changes)&nbsp;: 428<\/li><li>Reliure&nbsp;: Budget annuel de reliure commun aux biblioth\u00e8ques du mus\u00e9e Paul-Dupuy et Georges-Labit&nbsp;: 1500&nbsp;\u20ac<\/li><\/ul>\n\n\n\n<h2><span class=\"ez-toc-section\" id=\"Depuis_2018\"><\/span>Depuis 2018 : <span class=\"ez-toc-section-end\"><\/span><\/h2>\n\n\n\n<p>Depuis <strong>2018<\/strong>, les mus\u00e9es de la ville de Toulouse sont regroup\u00e9s en Direction des Mus\u00e9es et des Monuments donc certains budgets sont mutualis\u00e9s. Par exemple, il y a un budget de 300 000\u202f\u20ac \/ an pour les cr\u00e9dits d\u2019acquisitions pour tous les mus\u00e9es de la ville.<\/p>\n\n\n\n<p>Dans cette direction mutualis\u00e9e, il y a \u00e9galement une direction technique qui dispose d\u2019un budget d\u2019un million d\u2019euros par an pour tous les mus\u00e9es.<\/p>\n\n\n\n<p>A ce jour, les mus\u00e9es Dupuy et Labit diposent de 193 000\u202f\u20ac en fonctionnement, 45 000\u202f\u20ac en investissements. Dans ces budgets, le personnel n\u2019est pas compris.<\/p>\n\n\n\n<p><strong>Source : <\/strong>H\u00e9l\u00e8ne Poque<\/p>\n\n\n\n<h1><span class=\"ez-toc-section\" id=\"Inscription_dans_un_reseau_de_musees_local_et_national\"><\/span><strong>Inscription dans un r\u00e9seau de mus\u00e9es local et national<\/strong><span class=\"ez-toc-section-end\"><\/span><\/h1>\n\n\n\n<ul><li><a href=\"https:\/\/www.museegeorgeslabit.fr\/musee\/partenaires-musee-georges-labit\/\" target=\"_blank\" rel=\"noreferrer noopener\">Mus\u00e9e Georges Labit: Les partenaires du mus\u00e9e<\/a><\/li><li><a href=\"https:\/\/www.museegeorgeslabit.fr\/association\/\"><\/a><a href=\"https:\/\/www.museegeorgeslabit.fr\/association\/\" target=\"_blank\" rel=\"noreferrer noopener\">Mus\u00e9e Georges Labit: L\u2019association des Amis du mus\u00e9e&nbsp;Georges\u2011Labit<\/a><\/li><li><a href=\"https:\/\/www.toulouse.fr\/web\/cultures\/musees#\/annuaire-des-lieux\/58\/Mus%C3%A9e%20Georges%20Labit?_k=agi31a\" target=\"_blank\" rel=\"noreferrer noopener\">Ville de Toulouse: Mus\u00e9e Georges Labit<\/a><\/li><\/ul>\n\n\n\n<h1><span class=\"ez-toc-section\" id=\"Actions_et_objectifs\"><\/span><strong>Actions et objectifs<\/strong><span class=\"ez-toc-section-end\"><\/span><\/h1>\n\n\n\n<p>Les objectifs sont surtout <strong>qualitatifs<\/strong>&nbsp;: accueillir un public diversifi\u00e9, rendre le mus\u00e9e plus attractif et accessible (inclusion), approfondir les m\u00e9diations culturelles et num\u00e9riques, int\u00e9grer le visiteur, contextualiser les \u0153uvres.<\/p>\n\n\n\n<p>H\u00e9l\u00e8ne Poque, charg\u00e9e du service des publics, d\u00e9veloppe la politique de m\u00e9diation et d\u2019animation adapt\u00e9e \u00e0 des publics sp\u00e9cifiques&nbsp;: public jeune, les \u00e9tudiants et les publics dits &#8217;emp\u00each\u00e9s&rsquo;. Elle s\u2019occupe aussi de la conception et de la mise en place d\u2019outils de connaissance des publics.<\/p>\n\n\n\n<p>Rattach\u00e9 \u00e0 la municipalit\u00e9, le mus\u00e9e Georges-Labit s\u2019int\u00e8gre dans les politiques de d\u00e9veloppement local. Cependant, le mus\u00e9e souffre d\u2019un manque de fr\u00e9quentation et ne dispose pas d\u2019un budget suffisant pour mener \u00e0 bien des projets plus cons\u00e9quents. La question du m\u00e9c\u00e9nat s\u2019impose ici comme une nouvelle alternative (c\u2019\u00e9tait d\u2019ailleurs d\u00e9j\u00e0 l\u2019un des projets de l\u2019ann\u00e9e 2016 pour le mus\u00e9e Georges Labit).<\/p>\n\n\n\n<p>Ses objectifs sont donc de rendre le mus\u00e9e plus <strong>attractif <\/strong>(via des acquisitions d\u2019\u0153uvres, une sc\u00e9nographie revisit\u00e9e, des m\u00e9diations culturelles et num\u00e9riques\u2026)et de permettre \u00e0 tous l\u2019<strong>acc\u00e8s<\/strong> aux \u0153uvres. Il met un point d\u2019honneur \u00e0 \u00eatre <strong>accessible<\/strong> aux publics \u201cemp\u00each\u00e9s\u201d et \u00e0 proposer des <strong>m\u00e9diations vari\u00e9es<\/strong>.<\/p>\n\n\n\n<p>Il propose ainsi divers parcours de visites&nbsp;:<\/p>\n\n\n\n<ul><li><strong>Pour le tout public et les groupes<\/strong> : le mus\u00e9e propose des ateliers, des visites libres, des visites comment\u00e9es par des conf\u00e9renci\u00e8res et historiennes d\u2019art du mus\u00e9e, des conf\u00e9rences et divers \u00e9v\u00e8nements organis\u00e9s tout au long de l\u2019ann\u00e9e.<\/li><li><strong>Pour les scolaires<\/strong> : le mus\u00e9e Georges-Labit propose aux enseignants des activit\u00e9s (visites et ateliers) destin\u00e9es \u00e0 faire d\u00e9couvrir aux enfants les collections du mus\u00e9e. Ces visites permettent aux enfants de d\u00e9couvrir les collections dans le mus\u00e9e \u00e0 l\u2019aide de parcours-d\u00e9couverte, de visites comment\u00e9es et d\u2019ateliers men\u00e9s par des intervenants en lien avec les th\u00e9matiques du mus\u00e9e.<\/li><li>Le service des publics est aussi mis \u00e0 la disposition des <strong>animateurs et des \u00e9ducateurs <\/strong>qui souhaitent venir avec leur groupe au mus\u00e9e. Diverses activit\u00e9s leur sont propos\u00e9es&nbsp;: visites libres ou comment\u00e9es, activit\u00e9s sur mesure, parcours-jeux et ateliers. Des dossiers p\u00e9dagogiques sont par ailleurs disponibles sur demande afin d\u2019aider \u00e0 pr\u00e9parer la visite en groupe.<\/li><\/ul>\n","protected":false},"excerpt":{"rendered":"<p>Historique du mus\u00e9e Le Mus\u00e9e Georges-Labit est le mus\u00e9e des arts d\u2019Asie et de l\u2019Egypte antique de Toulouse. Il est actuellement dirig\u00e9 par Francis Saint-Genez, conservateur. Fond\u00e9 \u00e0 Toulouse en 1893 par Georges Labit (1862-1899), voyageur passionn\u00e9 d\u2019histoire de l\u2019art, d\u2019ethnologie et d\u2019histoire des religions, le mus\u00e9e regroupe des collections de pi\u00e8ces rapport\u00e9es lors de [&hellip;]<\/p>\n","protected":false},"author":1,"featured_media":0,"parent":64,"menu_order":0,"comment_status":"closed","ping_status":"closed","template":"","meta":[],"_links":{"self":[{"href":"https:\/\/serviteur.fr\/museum\/wp-json\/wp\/v2\/pages\/67"}],"collection":[{"href":"https:\/\/serviteur.fr\/museum\/wp-json\/wp\/v2\/pages"}],"about":[{"href":"https:\/\/serviteur.fr\/museum\/wp-json\/wp\/v2\/types\/page"}],"author":[{"embeddable":true,"href":"https:\/\/serviteur.fr\/museum\/wp-json\/wp\/v2\/users\/1"}],"replies":[{"embeddable":true,"href":"https:\/\/serviteur.fr\/museum\/wp-json\/wp\/v2\/comments?post=67"}],"version-history":[{"count":46,"href":"https:\/\/serviteur.fr\/museum\/wp-json\/wp\/v2\/pages\/67\/revisions"}],"predecessor-version":[{"id":2055,"href":"https:\/\/serviteur.fr\/museum\/wp-json\/wp\/v2\/pages\/67\/revisions\/2055"}],"up":[{"embeddable":true,"href":"https:\/\/serviteur.fr\/museum\/wp-json\/wp\/v2\/pages\/64"}],"wp:attachment":[{"href":"https:\/\/serviteur.fr\/museum\/wp-json\/wp\/v2\/media?parent=67"}],"curies":[{"name":"wp","href":"https:\/\/api.w.org\/{rel}","templated":true}]}}