{"id":64,"date":"2020-11-27T19:36:28","date_gmt":"2020-11-27T18:36:28","guid":{"rendered":"http:\/\/serviteur.fr\/museum\/?page_id=64"},"modified":"2021-01-30T16:35:19","modified_gmt":"2021-01-30T15:35:19","slug":"analyses","status":"publish","type":"page","link":"https:\/\/serviteur.fr\/museum\/analyses\/","title":{"rendered":"Analyses de l&rsquo;existant"},"content":{"rendered":"\n<ul class=\"has-luminous-vivid-amber-background-color has-background\"><li><a href=\"https:\/\/serviteur.fr\/museum\/analyses\/analyse-institutionnelle\/\">Analyse institutionnelle<\/a><\/li><li><a href=\"https:\/\/serviteur.fr\/museum\/analyses\/analyse-de-public\/\">Analyse des publics<\/a><\/li><li><a href=\"https:\/\/serviteur.fr\/museum\/analyses\/analyse-communication\/\">Analyse de la communication<\/a><\/li><li><a href=\"https:\/\/serviteur.fr\/museum\/analyses\/analyse-de-la-mediation\/\">Analyse de la m\u00e9diation<\/a><\/li><\/ul>\n\n\n\n<p>Pour conceptualiser notre dispositif de m\u00e9diation num\u00e9rique, il est primordial de contextualiser les cadres du projet, en analysant le mus\u00e9e Georges-Labit en tant qu&rsquo;institution, mais aussi en analysant ses publics, sa communication et la m\u00e9diation actuelle.<\/p>\n\n\n\n<p>Ces analyses du terrain nous permettent de proposer un dispositif pertinent par rapport aux besoins formul\u00e9s par le mus\u00e9e. <\/p>\n\n\n\n<style>\n#primary { width: 100%; }\n\n#secondary { display: none; }\n<\/style>\n","protected":false},"excerpt":{"rendered":"<p>Analyse institutionnelle Analyse des publics Analyse de la communication Analyse de la m\u00e9diation Pour conceptualiser notre dispositif de m\u00e9diation num\u00e9rique, il est primordial de contextualiser les cadres du projet, en analysant le mus\u00e9e Georges-Labit en tant qu&rsquo;institution, mais aussi en analysant ses publics, sa communication et la m\u00e9diation actuelle. Ces analyses du terrain nous permettent [&hellip;]<\/p>\n","protected":false},"author":1,"featured_media":0,"parent":0,"menu_order":0,"comment_status":"closed","ping_status":"closed","template":"","meta":[],"_links":{"self":[{"href":"https:\/\/serviteur.fr\/museum\/wp-json\/wp\/v2\/pages\/64"}],"collection":[{"href":"https:\/\/serviteur.fr\/museum\/wp-json\/wp\/v2\/pages"}],"about":[{"href":"https:\/\/serviteur.fr\/museum\/wp-json\/wp\/v2\/types\/page"}],"author":[{"embeddable":true,"href":"https:\/\/serviteur.fr\/museum\/wp-json\/wp\/v2\/users\/1"}],"replies":[{"embeddable":true,"href":"https:\/\/serviteur.fr\/museum\/wp-json\/wp\/v2\/comments?post=64"}],"version-history":[{"count":10,"href":"https:\/\/serviteur.fr\/museum\/wp-json\/wp\/v2\/pages\/64\/revisions"}],"predecessor-version":[{"id":2334,"href":"https:\/\/serviteur.fr\/museum\/wp-json\/wp\/v2\/pages\/64\/revisions\/2334"}],"wp:attachment":[{"href":"https:\/\/serviteur.fr\/museum\/wp-json\/wp\/v2\/media?parent=64"}],"curies":[{"name":"wp","href":"https:\/\/api.w.org\/{rel}","templated":true}]}}