{"id":24,"date":"2020-11-26T18:50:57","date_gmt":"2020-11-26T17:50:57","guid":{"rendered":"http:\/\/serviteur.fr\/museum\/?page_id=24"},"modified":"2021-01-11T15:14:49","modified_gmt":"2021-01-11T14:14:49","slug":"bienvenu","status":"publish","type":"page","link":"https:\/\/serviteur.fr\/museum\/","title":{"rendered":"Bienvenue"},"content":{"rendered":"\n<div class=\"wp-block-image\"><figure class=\"aligncenter size-large\"><img loading=\"lazy\" width=\"1024\" height=\"390\" src=\"https:\/\/serviteur.fr\/museum\/wp-content\/uploads\/2020\/12\/Couverture-site-mediation-culturelle-2-1024x390.png\" alt=\"\" class=\"wp-image-838\" srcset=\"https:\/\/serviteur.fr\/museum\/wp-content\/uploads\/2020\/12\/Couverture-site-mediation-culturelle-2-1024x390.png 1024w, https:\/\/serviteur.fr\/museum\/wp-content\/uploads\/2020\/12\/Couverture-site-mediation-culturelle-2-300x114.png 300w, https:\/\/serviteur.fr\/museum\/wp-content\/uploads\/2020\/12\/Couverture-site-mediation-culturelle-2-768x292.png 768w, https:\/\/serviteur.fr\/museum\/wp-content\/uploads\/2020\/12\/Couverture-site-mediation-culturelle-2-1536x584.png 1536w, https:\/\/serviteur.fr\/museum\/wp-content\/uploads\/2020\/12\/Couverture-site-mediation-culturelle-2-2048x779.png 2048w\" sizes=\"(max-width: 1024px) 100vw, 1024px\" \/><\/figure><\/div>\n\n\n\n<p>Ce site a \u00e9t\u00e9 r\u00e9alis\u00e9 par le groupe 1 des \u00e9tudiants du Master 1 (promotion 2020\/2022) M\u00e9diation Num\u00e9rique et Ing\u00e9nierie P\u00e9dagogique (Humanum) de l&rsquo;Universit\u00e9 Paul-Val\u00e9ry (Montpellier III) dans le cadre du cours \u00ab\u00a0Cultures et m\u00e9diations culturelles num\u00e9riques\u00a0\u00bb (V22HNM9) :<\/p>\n\n\n\n<ul><li>Maxime PITTAVINO<\/li><li>Camille LE BRAS<\/li><li>Stella MULAS<\/li><li>Salom\u00e9 RIEFFLE<\/li><li>Virginie JARDI-ESCODA <\/li><li>Chlo\u00eb MONTGERMONT<\/li><\/ul>\n\n\n\n<p>Ce site pr\u00e9sente notre dispositif de m\u00e9diation culturelle num\u00e9rique pour le mus\u00e9e Georges-Labit de Toulouse et se structure en plusieurs rubriques qui suivent une r\u00e9flexion appuy\u00e9e sur une m\u00e9thodologie de gestion de projet. <\/p>\n\n\n\n<p>Chaque rubrique contient une introduction sur sa page principale qui pr\u00e9sente les sous-parties existantes (ces derni\u00e8res sont \u00e9galement directement accessibles via le menu du site).<\/p>\n\n\n\n<ul class=\"has-luminous-vivid-amber-background-color has-background\"><li><a href=\"https:\/\/serviteur.fr\/museum\/analyses\/\">Analyses de l&rsquo;existant<\/a> : la contextualisation du projet (les cadres, le terrain).<\/li><li><a href=\"https:\/\/serviteur.fr\/museum\/conception-du-projet\/\" data-type=\"URL\">Conception du projet<\/a> : les besoins du mus\u00e9e, les m\u00e9thodes de travail et l&rsquo;analyse d&rsquo;un dispositif similaire.<\/li><li><a href=\"https:\/\/serviteur.fr\/museum\/presentation-de-notre-projet-2\/\">Notre dispositif<\/a> : la d\u00e9finition et la mise en valeur des notions et principes de notre dispositif, les ressources n\u00e9cessaires et les conditions de r\u00e9alisation.<\/li><li><a href=\"https:\/\/serviteur.fr\/museum\/propositions-de-mediation\/\">M\u00e9diations<\/a> : le prototypage de notre dispositif (d\u00e9monstrations concr\u00e8tes des m\u00e9diations possibles). <\/li><li><a href=\"https:\/\/serviteur.fr\/museum\/retours-dexperiences\/\">Retour d&rsquo;exp\u00e9rience<\/a> : une d\u00e9marche r\u00e9flexive sur notre dispositif.<\/li><\/ul>\n\n\n\n<style>\n#primary { width: 100%; }\n\n#secondary { display: none; }\n<\/style>\n","protected":false},"excerpt":{"rendered":"<p>Ce site a \u00e9t\u00e9 r\u00e9alis\u00e9 par le groupe 1 des \u00e9tudiants du Master 1 (promotion 2020\/2022) M\u00e9diation Num\u00e9rique et Ing\u00e9nierie P\u00e9dagogique (Humanum) de l&rsquo;Universit\u00e9 Paul-Val\u00e9ry (Montpellier III) dans le cadre du cours \u00ab\u00a0Cultures et m\u00e9diations culturelles num\u00e9riques\u00a0\u00bb (V22HNM9) : Maxime PITTAVINO Camille LE BRAS Stella MULAS Salom\u00e9 RIEFFLE Virginie JARDI-ESCODA Chlo\u00eb MONTGERMONT Ce site pr\u00e9sente [&hellip;]<\/p>\n","protected":false},"author":1,"featured_media":0,"parent":0,"menu_order":0,"comment_status":"closed","ping_status":"closed","template":"","meta":[],"_links":{"self":[{"href":"https:\/\/serviteur.fr\/museum\/wp-json\/wp\/v2\/pages\/24"}],"collection":[{"href":"https:\/\/serviteur.fr\/museum\/wp-json\/wp\/v2\/pages"}],"about":[{"href":"https:\/\/serviteur.fr\/museum\/wp-json\/wp\/v2\/types\/page"}],"author":[{"embeddable":true,"href":"https:\/\/serviteur.fr\/museum\/wp-json\/wp\/v2\/users\/1"}],"replies":[{"embeddable":true,"href":"https:\/\/serviteur.fr\/museum\/wp-json\/wp\/v2\/comments?post=24"}],"version-history":[{"count":36,"href":"https:\/\/serviteur.fr\/museum\/wp-json\/wp\/v2\/pages\/24\/revisions"}],"predecessor-version":[{"id":2288,"href":"https:\/\/serviteur.fr\/museum\/wp-json\/wp\/v2\/pages\/24\/revisions\/2288"}],"wp:attachment":[{"href":"https:\/\/serviteur.fr\/museum\/wp-json\/wp\/v2\/media?parent=24"}],"curies":[{"name":"wp","href":"https:\/\/api.w.org\/{rel}","templated":true}]}}