{"id":1214,"date":"2021-01-04T17:05:18","date_gmt":"2021-01-04T16:05:18","guid":{"rendered":"https:\/\/serviteur.fr\/museum\/?page_id=1214"},"modified":"2021-01-11T15:03:46","modified_gmt":"2021-01-11T14:03:46","slug":"vers-la-phase-de-realisation","status":"publish","type":"page","link":"https:\/\/serviteur.fr\/museum\/presentation-de-notre-projet-2\/vers-la-phase-de-realisation\/","title":{"rendered":"Vers la phase de r\u00e9alisation"},"content":{"rendered":"\n<h1><span class=\"ez-toc-section\" id=\"Planning_previsionnel\"><\/span>Planning pr\u00e9visionnel<span class=\"ez-toc-section-end\"><\/span><\/h1>\n\n\n\n<p>Les grandes \u00e9tapes du plan de r\u00e9alisation, permettant \u00e9galement de visualiser la d\u00e9marche :<\/p>\n\n\n\n<figure class=\"wp-block-image size-full\"><img loading=\"lazy\" width=\"1500\" height=\"962\" src=\"https:\/\/serviteur.fr\/museum\/wp-content\/uploads\/2021\/01\/macroplanning.png\" alt=\"\" class=\"wp-image-2196\" srcset=\"https:\/\/serviteur.fr\/museum\/wp-content\/uploads\/2021\/01\/macroplanning.png 1500w, https:\/\/serviteur.fr\/museum\/wp-content\/uploads\/2021\/01\/macroplanning-300x192.png 300w, https:\/\/serviteur.fr\/museum\/wp-content\/uploads\/2021\/01\/macroplanning-1024x657.png 1024w, https:\/\/serviteur.fr\/museum\/wp-content\/uploads\/2021\/01\/macroplanning-768x493.png 768w\" sizes=\"(max-width: 1500px) 100vw, 1500px\" \/><\/figure>\n\n\n\n<p><strong>La d\u00e9marche de projet reste r\u00e9solument agile, la collaboration et la co-construction \u00e9tant les ma\u00eetres-mots :<\/strong><\/p>\n\n\n\n<ul><li>Une plateforme collaborative en ligne sera mise en place, int\u00e9grant du management visuel (<em>ex. Trello<\/em>)<\/li><li>Une collaboration fluide entre mus\u00e9e et \u00e9quipe projet est primordiale : une grande attention y sera port\u00e9e, notamment via des r\u00e9unions (virtuelles ou en pr\u00e9sentiel), collaboration facilit\u00e9e en mode intelligence collective pour prendre des d\u00e9cisions \u00e9clair\u00e9es.<\/li><li>L&rsquo;am\u00e9lioration continue (<em>versus cycle en V<\/em>) est incarn\u00e9e par des it\u00e9rations successives tout au long du processus : prototype Lo-Fi* \/ feedbacks \/ am\u00e9lioration.<\/li><li>Une phase POST-LIVRAISON est \u00e0 pr\u00e9voir : mise \u00e0 jour tous les ans avec les nouveaut\u00e9s\/nouvelles acquisitions.<\/li><\/ul>\n\n\n\n<p><em>*On parle de prototype Lo-Fi (contraction de Low-fidelity) pour d\u00e9signer des maquettes basse fid\u00e9lit\u00e9, c\u2019est \u00e0 dire une repr\u00e9sentation simple et approximative du futur produit. Contrairement au prototype Hi-Fi pour High\u2013Fidelity (en fran\u00e7ais haute fid\u00e9lit\u00e9), le prototype Lo-fi demande moins de temps et de ressources puisque crayon et feuille peuvent suffirent !<\/em><\/p>\n\n\n\n<p>Les ressources n\u00e9cessaires, ainsi que le budget, d\u00e9pendront \u00e9troitement des choix strat\u00e9giques. On peut n\u00e9anmoins distinguer :<\/p>\n\n\n\n<h1><span class=\"ez-toc-section\" id=\"Les_Ressources_Humaines\"><\/span>Les Ressources Humaines <span class=\"ez-toc-section-end\"><\/span><\/h1>\n\n\n\n<p>Elles regroupent tous les acteurs qui travaillent sur le projet.<\/p>\n\n\n\n<h2><span class=\"ez-toc-section\" id=\"Supervision_du_projet\"><\/span>Supervision du projet<span class=\"ez-toc-section-end\"><\/span><\/h2>\n\n\n\n<p>N\u00e9cessaires au suivi du processus global, les <strong>ressources processuelles<\/strong> suivantes n&rsquo;exigent pas d&#8217;embauche suppl\u00e9mentaire :<\/p>\n\n\n\n<p><span class=\"has-inline-color has-luminous-vivid-orange-color\">Comit\u00e9 de pilotage :<\/span> <\/p>\n\n\n\n<p>Transversal, le comit\u00e9 de pilotage garantit le suivi du projet et surtout prend les d\u00e9cisions strat\u00e9giques (r\u00f4le de supervision et  de validation). On peut y inclure :<\/p>\n\n\n\n<ul><li>Francis Saint-Genez, conservateur du mus\u00e9e Georges-Labit (qui peut \u00eatre repr\u00e9sent\u00e9 par H\u00e9l\u00e8ne Poque pour l&rsquo;op\u00e9rationnel)<\/li><li>Le chef de projet (qui coordonne l&rsquo;ensemble)<\/li><li>Un membre de l&rsquo;\u00e9quipe tournant selon les phases du projet : r\u00e9dacteur \/  graphiste \/ UX designer \/ d\u00e9veloppeur.<\/li><\/ul>\n\n\n\n<h2><span class=\"ez-toc-section\" id=\"Realisation_de_l%E2%80%99application\"><\/span>R\u00e9alisation de l&rsquo;application<span class=\"ez-toc-section-end\"><\/span><\/h2>\n\n\n\n<p>Pour la <strong>r\u00e9alisation<\/strong> proprement dite, 2 options s&rsquo;offrent au Mus\u00e9e :<br><br><strong><span class=\"has-inline-color has-luminous-vivid-orange-color\">Option A <\/span><\/strong>(la moins on\u00e9reuse)<\/p>\n\n\n\n<ul><li>C&rsquo;est l&rsquo;\u00e9quipe Projet qui r\u00e9alise l&rsquo;application sur l&rsquo;outil en ligne Genial.ly.<\/li><li>L&rsquo; <strong>\u00e9quipe projet<\/strong> est celle qui a r\u00e9alis\u00e9 ce travail (Maxime, Camille, Stella, Chlo\u00eb, Salom\u00e9, Virginie), cette fois-ci dans le cadre du Master 2.<\/li><li>Pour l<strong>e contenu expert <\/strong>: nous mettons \u00e0 contribution l&rsquo;\u00e9quipe du mus\u00e9e (Francis Saint-Genez, H\u00e9l\u00e8ne Poque, les conf\u00e9renci\u00e8res)<\/li><li>Prestation externe d&rsquo;un d\u00e9veloppeur, obligatoire pour cr\u00e9er un Wrapper* qui ferait tourner Genial.ly au sein des tablettes.<\/li><li>Prestation externe recommand\u00e9e : un graphiste pour les dessins \/animations \/ identit\u00e9 visuelle \/ UX design.<\/li><li>Prestation externe optionnelle : r\u00e9alisation de vid\u00e9os professionnelles etc&#8230;<\/li><\/ul>\n\n\n\n<p><em>Des partenariats (avec Ecole des Beaux Arts, Ecole de WebDesign, Ecole d&rsquo;audiovisuel, Universit\u00e9s&#8230;) sont n\u00e9anmoins envisageables pour minimiser les co\u00fbts.<\/em><\/p>\n\n\n\n<p>Quelques pistes de partenariats sur Toulouse: <a href=\"https:\/\/www.e-artsup.net\/campus\/ecole-creation-visuelle-toulouse\/\">e-artsup<\/a>, <a href=\"https:\/\/www.brassart.fr\/formations\/formation-design-graphique\">brassart<\/a>, <a href=\"https:\/\/www.epitech.eu\/fr\/ecole-informatique-toulouse\/\">epitech<\/a><\/p>\n\n\n\n<p><em>*Wrapper : dans le domaine <strong>informatique<\/strong>, le terme d\u00e9signe un programme ou code qui \u00ab enveloppe \u00bb, ou englobe, d&rsquo;autres composants logiciels.<\/em><\/p>\n\n\n\n<p><strong><span class=\"has-inline-color has-luminous-vivid-orange-color\">Option B<\/span><\/strong> (beaucoup plus on\u00e9reuse)<\/p>\n\n\n\n<ul><li>Faire appel \u00e0 une soci\u00e9t\u00e9 de d\u00e9veloppement informatique sp\u00e9cialis\u00e9e qui sera charg\u00e9e de cr\u00e9er l&rsquo;application.<\/li><\/ul>\n\n\n\n<h1><span class=\"ez-toc-section\" id=\"Budget\"><\/span>Budget<span class=\"ez-toc-section-end\"><\/span><\/h1>\n\n\n\n<h2><span class=\"ez-toc-section\" id=\"Ressources_Materielles_et_Techniques\"><\/span>Ressources Mat\u00e9rielles et Techniques <span class=\"ez-toc-section-end\"><\/span><\/h2>\n\n\n\n<figure class=\"wp-block-image size-large\"><img loading=\"lazy\" width=\"1024\" height=\"576\" src=\"https:\/\/serviteur.fr\/museum\/wp-content\/uploads\/2021\/01\/001_2-1024x576.jpg\" alt=\"\" class=\"wp-image-2203\" srcset=\"https:\/\/serviteur.fr\/museum\/wp-content\/uploads\/2021\/01\/001_2-1024x576.jpg 1024w, https:\/\/serviteur.fr\/museum\/wp-content\/uploads\/2021\/01\/001_2-300x169.jpg 300w, https:\/\/serviteur.fr\/museum\/wp-content\/uploads\/2021\/01\/001_2-768x432.jpg 768w, https:\/\/serviteur.fr\/museum\/wp-content\/uploads\/2021\/01\/001_2-1536x864.jpg 1536w, https:\/\/serviteur.fr\/museum\/wp-content\/uploads\/2021\/01\/001_2-2048x1152.jpg 2048w\" sizes=\"(max-width: 1024px) 100vw, 1024px\" \/><\/figure>\n\n\n\n<h2><span class=\"ez-toc-section\" id=\"Prestations\"><\/span>Prestations <span class=\"ez-toc-section-end\"><\/span><\/h2>\n\n\n\n<p>Estimation des prestations (les prix donn\u00e9s sont des fourchettes \u00e9tablies par des professionnels) :<\/p>\n\n\n\n<p><span class=\"has-inline-color has-luminous-vivid-orange-color\"><strong>Option A <\/strong><\/span>: en gardant Genial.ly : cr\u00e9ation d&rsquo;un Wrapper par une entreprise externe : environ 1000 HT euros au total.<br>+ intervention recommand\u00e9e d&rsquo;un graphiste (\u00e0 chiffrer)<\/p>\n\n\n\n<p><span class=\"has-inline-color has-luminous-vivid-orange-color\"><strong>Option B<\/strong><\/span> : Cr\u00e9ation d&rsquo;une application par prestation externe : 3000 \u00e0 4000 euros HT par Jeu\/Quiz.<\/p>\n\n\n\n<h2><span class=\"ez-toc-section\" id=\"Chiffrage_global\"><\/span>Chiffrage global<span class=\"ez-toc-section-end\"><\/span><\/h2>\n\n\n\n<p>Il est trop t\u00f4t pour chiffrer la globalit\u00e9 du projet qui englobe tous les co\u00fbts et les d\u00e9penses de natures diff\u00e9rentes :<\/p>\n\n\n\n<ul><li>R\u00e9mun\u00e9ration des prestations de tous les acteurs du projet (voir ci-dessus)<\/li><li>Frais li\u00e9s aux sous-titrages des vid\u00e9os, \u00e0 la traduction des contenus en LSF, anglais et autres langues si n\u00e9cessaire<\/li><li>L\u2019achat et\/ou la location de ressources mat\u00e9rielles (voir ci-dessus)<\/li><li>Les frais de fonctionnement<\/li><li>Les \u00e9ventuels frais de d\u00e9placement.<\/li><\/ul>\n\n\n\n<h1><span class=\"ez-toc-section\" id=\"Les_Ressources_financieres\"><\/span>Les Ressources financi\u00e8res<span class=\"ez-toc-section-end\"><\/span><\/h1>\n\n\n\n<p>Les ressources financi\u00e8res sont d\u00e9termin\u00e9es par le mus\u00e9e, elles permettent de financer les ressources humaines et mat\u00e9rielles pour r\u00e9aliser le projet. Des subventions ou m\u00e9c\u00e9nat(s) sont \u00e0 \u00e9tudier.<\/p>\n\n\n\n<ul><li>La DRAC (Direction r\u00e9gionale des affaires culturelles) d&rsquo;Occitanie peut apporter son soutien financier dans le cadre de projets culturels, notamment une <a rel=\"noreferrer noopener\" href=\"https:\/\/mesdemarches.culture.gouv.fr\/loc_fr\/mcc\/requests\/ARCHI_MUSEE_aide_03\/?__CSRFTOKEN__=2e91f831-ca42-405d-81e3-4890d3c13a19\" target=\"_blank\">Aide aux projets de d\u00e9veloppement des mus\u00e9es de France<\/a>, ax\u00e9e sur le soutien des projets qui visent \u00e0 la mise aux normes r\u00e9glementaires, \u00e0 la valorisation scientifique et au d\u00e9veloppement des publics.<\/li><li>A l&rsquo;\u00e9chelle de la ville de Toulouse, il peut \u00eatre envisag\u00e9 d&rsquo;obtenir un soutien de la mairie dans le cadre de l&rsquo;am\u00e9lioration de l&rsquo;accessibilit\u00e9 du mus\u00e9e, notament aux publics en situation de handicap (d&rsquo;apr\u00e8s les informations donn\u00e9es par H\u00e9l\u00e8ne Poque). <\/li><li>Il peut \u00e9ventuellement \u00eatre envisag\u00e9 de faire appel \u00e0 un financement participatif si les dispositions du mus\u00e9e le permettent. <\/li><li>L&rsquo;inscription aux Monuments Historiques peut \u00e9ventuellement ouvrir de nouvelles opportunit\u00e9s de soutien, ou l&rsquo;acc\u00e8s \u00e0 un nouveau r\u00e9seau pour le mus\u00e9e. <\/li><\/ul>\n","protected":false},"excerpt":{"rendered":"<p>Planning pr\u00e9visionnel Les grandes \u00e9tapes du plan de r\u00e9alisation, permettant \u00e9galement de visualiser la d\u00e9marche : La d\u00e9marche de projet reste r\u00e9solument agile, la collaboration et la co-construction \u00e9tant les ma\u00eetres-mots : Une plateforme collaborative en ligne sera mise en place, int\u00e9grant du management visuel (ex. Trello) Une collaboration fluide entre mus\u00e9e et \u00e9quipe projet [&hellip;]<\/p>\n","protected":false},"author":3,"featured_media":0,"parent":373,"menu_order":0,"comment_status":"closed","ping_status":"closed","template":"","meta":[],"_links":{"self":[{"href":"https:\/\/serviteur.fr\/museum\/wp-json\/wp\/v2\/pages\/1214"}],"collection":[{"href":"https:\/\/serviteur.fr\/museum\/wp-json\/wp\/v2\/pages"}],"about":[{"href":"https:\/\/serviteur.fr\/museum\/wp-json\/wp\/v2\/types\/page"}],"author":[{"embeddable":true,"href":"https:\/\/serviteur.fr\/museum\/wp-json\/wp\/v2\/users\/3"}],"replies":[{"embeddable":true,"href":"https:\/\/serviteur.fr\/museum\/wp-json\/wp\/v2\/comments?post=1214"}],"version-history":[{"count":52,"href":"https:\/\/serviteur.fr\/museum\/wp-json\/wp\/v2\/pages\/1214\/revisions"}],"predecessor-version":[{"id":2277,"href":"https:\/\/serviteur.fr\/museum\/wp-json\/wp\/v2\/pages\/1214\/revisions\/2277"}],"up":[{"embeddable":true,"href":"https:\/\/serviteur.fr\/museum\/wp-json\/wp\/v2\/pages\/373"}],"wp:attachment":[{"href":"https:\/\/serviteur.fr\/museum\/wp-json\/wp\/v2\/media?parent=1214"}],"curies":[{"name":"wp","href":"https:\/\/api.w.org\/{rel}","templated":true}]}}